{"id":1010,"date":"2026-02-04T19:54:21","date_gmt":"2026-02-04T19:54:21","guid":{"rendered":"https:\/\/musicvision.cl\/?post_type=product&#038;p=1010"},"modified":"2026-02-04T19:54:21","modified_gmt":"2026-02-04T19:54:21","slug":"cable-audio-jack-plug-aux-6-3-a-3-5mm-15-mts","status":"publish","type":"product","link":"https:\/\/musicvision.cl\/es\/producto\/cable-audio-jack-plug-aux-6-3-a-3-5mm-15-mts\/","title":{"rendered":"Cable Audio Jack Plug Aux 6.3 A 3.5mm 1,5 Mts"},"content":{"rendered":"<p>Este cable de audio de jack 6.35 mm a 3.5 mm es un cable dise\u00f1ado para conectar dispositivos de audio que tienen diferentes tama\u00f1os de conectores. Uno de los extremos del cable est\u00e1 equipado con un conector de audio de 6.35 mm, tambi\u00e9n conocido como conector de 1\/4 de pulgada. Este tipo de conector es com\u00fan en equipos de audio profesionales, como amplificadores, instrumentos musicales (como guitarras el\u00e9ctricas y teclados), equipos de audio de alta fidelidad y algunos auriculares de estudio. El otro extremo del cable est\u00e1 equipado con un conector de audio de 3.5 mm, tambi\u00e9n conocido como mini jack. Este tipo de conector es m\u00e1s peque\u00f1o y se encuentra com\u00fanmente en dispositivos de audio port\u00e1tiles, como tel\u00e9fonos m\u00f3viles, reproductores de m\u00fasica, computadoras port\u00e1tiles, tabletas y auriculares. El cable est\u00e1 compuesto por conductores internos que transportan la se\u00f1al de audio desde el conector de 6.35 mm al conector de 3.5 mm. El cable est\u00e1 dise\u00f1ado para proporcionar una transmisi\u00f3n de se\u00f1al de audio limpia y sin interferencias.<\/p>","protected":false},"excerpt":{"rendered":"<p>Este cable de audio de jack 6.35 mm a 3.5 mm es un cable dise\u00f1ado para conectar dispositivos de audio que tienen diferentes tama\u00f1os de conectores. Uno de los extremos del cable est\u00e1 equipado con un conector de audio de 6.35 mm, tambi\u00e9n conocido como conector de 1\/4 de pulgada. Este tipo de conector es com\u00fan en equipos de audio profesionales, como amplificadores, instrumentos musicales (como guitarras el\u00e9ctricas y teclados), equipos de audio de alta fidelidad y algunos auriculares de estudio. El otro extremo del cable est\u00e1 equipado con un conector de audio de 3.5 mm, tambi\u00e9n conocido como mini jack. Este tipo de conector es m\u00e1s peque\u00f1o y se encuentra com\u00fanmente en dispositivos de audio port\u00e1tiles, como tel\u00e9fonos m\u00f3viles, reproductores de m\u00fasica, computadoras port\u00e1tiles, tabletas y auriculares. El cable est\u00e1 compuesto por conductores internos que transportan la se\u00f1al de audio desde el conector de 6.35 mm al conector de 3.5 mm. El cable est\u00e1 dise\u00f1ado para proporcionar una transmisi\u00f3n de se\u00f1al de audio limpia y sin interferencias.<\/p>","protected":false},"featured_media":1012,"template":"","meta":[],"product_brand":[105],"product_cat":[109],"product_tag":[],"class_list":{"0":"post-1010","1":"product","2":"type-product","3":"status-publish","4":"has-post-thumbnail","6":"product_brand-irm","7":"product_cat-cable-3-5","9":"first","10":"instock","11":"sale","12":"shipping-taxable","13":"purchasable","14":"product-type-simple"},"_links":{"self":[{"href":"https:\/\/musicvision.cl\/es\/wp-json\/wp\/v2\/product\/1010","targetHints":{"allow":["GET"]}}],"collection":[{"href":"https:\/\/musicvision.cl\/es\/wp-json\/wp\/v2\/product"}],"about":[{"href":"https:\/\/musicvision.cl\/es\/wp-json\/wp\/v2\/types\/product"}],"wp:featuredmedia":[{"embeddable":true,"href":"https:\/\/musicvision.cl\/es\/wp-json\/wp\/v2\/media\/1012"}],"wp:attachment":[{"href":"https:\/\/musicvision.cl\/es\/wp-json\/wp\/v2\/media?parent=1010"}],"wp:term":[{"taxonomy":"product_brand","embeddable":true,"href":"https:\/\/musicvision.cl\/es\/wp-json\/wp\/v2\/product_brand?post=1010"},{"taxonomy":"product_cat","embeddable":true,"href":"https:\/\/musicvision.cl\/es\/wp-json\/wp\/v2\/product_cat?post=1010"},{"taxonomy":"product_tag","embeddable":true,"href":"https:\/\/musicvision.cl\/es\/wp-json\/wp\/v2\/product_tag?post=1010"}],"curies":[{"name":"wp","href":"https:\/\/api.w.org\/{rel}","templated":true}]}}