{"id":1014,"date":"2026-02-04T20:03:51","date_gmt":"2026-02-04T20:03:51","guid":{"rendered":"https:\/\/musicvision.cl\/?post_type=product&#038;p=1014"},"modified":"2026-02-04T20:03:51","modified_gmt":"2026-02-04T20:03:51","slug":"cable-de-red-rj45-cat6-15-metros","status":"publish","type":"product","link":"https:\/\/musicvision.cl\/es\/producto\/cable-de-red-rj45-cat6-15-metros\/","title":{"rendered":"Cable De Red Rj45 Cat6 15 Metros"},"content":{"rendered":"<p>Cable de red RJ45 Cat6 15 metros Hecho para la transmisi\u00f3n de datos en redes LAN. Este tipo de cable cumple con los est\u00e1ndares Cat6, lo que significa que es capaz de soportar velocidades de transferencia de datos de hasta 10 Gigabit por segundo. Consta de cuatro pares de cables trenzados, lo que ayuda a minimizar la interferencia y el ruido electromagn\u00e9tico, asegurando una transmisi\u00f3n de datos confiable y de alta calidad. Cada par de cables est\u00e1 compuesto por alambres de calibre 24 AWG (American Wire Gauge), lo que garantiza una conductividad eficiente y una menor p\u00e9rdida de se\u00f1al. Construido con materiales de alta calidad que cumplen con los est\u00e1ndares de seguridad y rendimiento. Adem\u00e1s, cuenta con una cubierta protectora que brinda resistencia y durabilidad, protegiendo los cables internos de da\u00f1os f\u00edsicos y ambientales.<\/p>","protected":false},"excerpt":{"rendered":"<p>Cable de red RJ45 Cat6 15 metros Hecho para la transmisi\u00f3n de datos en redes LAN. Este tipo de cable cumple con los est\u00e1ndares Cat6, lo que significa que es capaz de soportar velocidades de transferencia de datos de hasta 10 Gigabit por segundo. Consta de cuatro pares de cables trenzados, lo que ayuda a minimizar la interferencia y el ruido electromagn\u00e9tico, asegurando una transmisi\u00f3n de datos confiable y de alta calidad. Cada par de cables est\u00e1 compuesto por alambres de calibre 24 AWG (American Wire Gauge), lo que garantiza una conductividad eficiente y una menor p\u00e9rdida de se\u00f1al. Construido con materiales de alta calidad que cumplen con los est\u00e1ndares de seguridad y rendimiento. Adem\u00e1s, cuenta con una cubierta protectora que brinda resistencia y durabilidad, protegiendo los cables internos de da\u00f1os f\u00edsicos y ambientales.<\/p>","protected":false},"featured_media":1015,"template":"","meta":[],"product_brand":[105],"product_cat":[110],"product_tag":[],"class_list":{"0":"post-1014","1":"product","2":"type-product","3":"status-publish","4":"has-post-thumbnail","6":"product_brand-irm","7":"product_cat-cable-de-red","9":"first","10":"instock","11":"sale","12":"shipping-taxable","13":"purchasable","14":"product-type-simple"},"_links":{"self":[{"href":"https:\/\/musicvision.cl\/es\/wp-json\/wp\/v2\/product\/1014","targetHints":{"allow":["GET"]}}],"collection":[{"href":"https:\/\/musicvision.cl\/es\/wp-json\/wp\/v2\/product"}],"about":[{"href":"https:\/\/musicvision.cl\/es\/wp-json\/wp\/v2\/types\/product"}],"wp:featuredmedia":[{"embeddable":true,"href":"https:\/\/musicvision.cl\/es\/wp-json\/wp\/v2\/media\/1015"}],"wp:attachment":[{"href":"https:\/\/musicvision.cl\/es\/wp-json\/wp\/v2\/media?parent=1014"}],"wp:term":[{"taxonomy":"product_brand","embeddable":true,"href":"https:\/\/musicvision.cl\/es\/wp-json\/wp\/v2\/product_brand?post=1014"},{"taxonomy":"product_cat","embeddable":true,"href":"https:\/\/musicvision.cl\/es\/wp-json\/wp\/v2\/product_cat?post=1014"},{"taxonomy":"product_tag","embeddable":true,"href":"https:\/\/musicvision.cl\/es\/wp-json\/wp\/v2\/product_tag?post=1014"}],"curies":[{"name":"wp","href":"https:\/\/api.w.org\/{rel}","templated":true}]}}