{"id":1025,"date":"2026-02-11T15:03:45","date_gmt":"2026-02-11T15:03:45","guid":{"rendered":"https:\/\/musicvision.cl\/?post_type=product&#038;p=1025"},"modified":"2026-02-11T15:03:45","modified_gmt":"2026-02-11T15:03:45","slug":"consola-retro-juegos-controles-inalambricos","status":"publish","type":"product","link":"https:\/\/musicvision.cl\/es\/producto\/consola-retro-juegos-controles-inalambricos\/","title":{"rendered":"Consola Retro Juegos + Controles Inal\u00e1mbricos"},"content":{"rendered":"<p>Especificaciones T\u00e9cnicas: &#8211; Sistema: Retro multijuegos &#8211; Juegos incluidos: 10.000 aprox. &#8211; Conectividad: HDMI &#8211; Controles: 2 mandos inal\u00e1mbricos 2.4G &#8211; Alcance inal\u00e1mbrico: Hasta 10 metros &#8211; Alimentaci\u00f3n: Cable USB incluido &#8211; Formato de salida: HD &#8211; Compatibilidad: TV LED, LCD, Smart TV, proyector y monitores con entrada HDMI<\/p>","protected":false},"excerpt":{"rendered":"<p>Consola Retro HDMI con 10.000 Juegos Cl\u00e1sicos y 2 Controles Inal\u00e1mbricos 2.4G Experimenta una jugabilidad fluida y estable con esta consola retro de alto rendimiento, dise\u00f1ada para entregar la mejor experiencia en televisores modernos. Incluye dos controles inal\u00e1mbricos 2.4G, excelente compatibilidad y un cat\u00e1logo amplio de juegos cl\u00e1sicos listos para usar.<\/p>","protected":false},"featured_media":1026,"template":"","meta":[],"product_brand":[112],"product_cat":[113],"product_tag":[],"class_list":{"0":"post-1025","1":"product","2":"type-product","3":"status-publish","4":"has-post-thumbnail","6":"product_brand-generico","7":"product_cat-entretenimiento","9":"first","10":"instock","11":"sale","12":"shipping-taxable","13":"purchasable","14":"product-type-simple"},"_links":{"self":[{"href":"https:\/\/musicvision.cl\/es\/wp-json\/wp\/v2\/product\/1025","targetHints":{"allow":["GET"]}}],"collection":[{"href":"https:\/\/musicvision.cl\/es\/wp-json\/wp\/v2\/product"}],"about":[{"href":"https:\/\/musicvision.cl\/es\/wp-json\/wp\/v2\/types\/product"}],"wp:featuredmedia":[{"embeddable":true,"href":"https:\/\/musicvision.cl\/es\/wp-json\/wp\/v2\/media\/1026"}],"wp:attachment":[{"href":"https:\/\/musicvision.cl\/es\/wp-json\/wp\/v2\/media?parent=1025"}],"wp:term":[{"taxonomy":"product_brand","embeddable":true,"href":"https:\/\/musicvision.cl\/es\/wp-json\/wp\/v2\/product_brand?post=1025"},{"taxonomy":"product_cat","embeddable":true,"href":"https:\/\/musicvision.cl\/es\/wp-json\/wp\/v2\/product_cat?post=1025"},{"taxonomy":"product_tag","embeddable":true,"href":"https:\/\/musicvision.cl\/es\/wp-json\/wp\/v2\/product_tag?post=1025"}],"curies":[{"name":"wp","href":"https:\/\/api.w.org\/{rel}","templated":true}]}}