{"id":1031,"date":"2026-02-18T19:31:11","date_gmt":"2026-02-18T19:31:11","guid":{"rendered":"https:\/\/musicvision.cl\/?post_type=product&#038;p=1031"},"modified":"2026-02-18T19:31:11","modified_gmt":"2026-02-18T19:31:11","slug":"mouse-gamer-philips-multiuso-de-6-botones-retro-iluminado","status":"publish","type":"product","link":"https:\/\/musicvision.cl\/es\/producto\/mouse-gamer-philips-multiuso-de-6-botones-retro-iluminado\/","title":{"rendered":"Mouse Gamer Philips Multiuso de 6 Botones Retro Iluminado"},"content":{"rendered":"<p><strong>Mouse Philips Multiuso de 6 Botones Retro Iluminado SPK9304<\/strong><\/p>\n<p>Experimenta la emoci\u00f3n del juego con el mouse con cable Philips, dise\u00f1ado para brindar velocidad, precisi\u00f3n y emoci\u00f3n. Con un dise\u00f1o dividido y 6 botones, este mouse ofrece una precisi\u00f3n excepcional para ayudarte a superar a la competencia. La iluminaci\u00f3n Ambiglow agrega un toque emocionante a tu sistema de juego.<\/p>\n<p><strong>Caracter\u00edsticas Destacadas:<\/strong><\/p>\n<ul>\n<li>Dise\u00f1o ergon\u00f3mico para mayor comodidad durante largas sesiones de juego.<\/li>\n<li>Conexi\u00f3n por cable USB 2.0 para una respuesta r\u00e1pida y fiable.<\/li>\n<li>Sensor \u00f3ptico de alta precisi\u00f3n con DPI ajustable de hasta 2000 para movimientos precisos.<\/li>\n<li>Efectos de iluminaci\u00f3n Ambiglow de 7 v\u00edas para personalizar el aspecto de tu configuraci\u00f3n.<\/li>\n<li>Vida \u00fatil de las teclas de 5 millones de clics para una durabilidad excepcional.<\/li>\n<\/ul>","protected":false},"excerpt":{"rendered":"<p><strong>Mouse Philips Multiuso de 6 Botones Retro Iluminado SPK9304<\/strong><\/p>\n<p>Experimenta la emoci\u00f3n del juego con el mouse con cable Philips, dise\u00f1ado para brindar velocidad, precisi\u00f3n y emoci\u00f3n. Con un dise\u00f1o dividido y 6 botones, este mouse ofrece una precisi\u00f3n excepcional para ayudarte a superar a la competencia. La iluminaci\u00f3n Ambiglow agrega un toque emocionante a tu sistema de juego.<\/p>\n<p><strong>Caracter\u00edsticas Destacadas:<\/strong><\/p>\n<ul>\n<li>Dise\u00f1o ergon\u00f3mico para mayor comodidad durante largas sesiones de juego.<\/li>\n<li>Conexi\u00f3n por cable USB 2.0 para una respuesta r\u00e1pida y fiable.<\/li>\n<li>Sensor \u00f3ptico de alta precisi\u00f3n con DPI ajustable de hasta 2000 para movimientos precisos.<\/li>\n<li>Efectos de iluminaci\u00f3n Ambiglow de 7 v\u00edas para personalizar el aspecto de tu configuraci\u00f3n.<\/li>\n<li>Vida \u00fatil de las teclas de 5 millones de clics para una durabilidad excepcional.<\/li>\n<\/ul>","protected":false},"featured_media":1032,"template":"","meta":[],"product_brand":[114],"product_cat":[102],"product_tag":[],"class_list":{"0":"post-1031","1":"product","2":"type-product","3":"status-publish","4":"has-post-thumbnail","6":"product_brand-philips","7":"product_cat-mouse","9":"first","10":"instock","11":"sale","12":"shipping-taxable","13":"purchasable","14":"product-type-simple"},"_links":{"self":[{"href":"https:\/\/musicvision.cl\/es\/wp-json\/wp\/v2\/product\/1031","targetHints":{"allow":["GET"]}}],"collection":[{"href":"https:\/\/musicvision.cl\/es\/wp-json\/wp\/v2\/product"}],"about":[{"href":"https:\/\/musicvision.cl\/es\/wp-json\/wp\/v2\/types\/product"}],"wp:featuredmedia":[{"embeddable":true,"href":"https:\/\/musicvision.cl\/es\/wp-json\/wp\/v2\/media\/1032"}],"wp:attachment":[{"href":"https:\/\/musicvision.cl\/es\/wp-json\/wp\/v2\/media?parent=1031"}],"wp:term":[{"taxonomy":"product_brand","embeddable":true,"href":"https:\/\/musicvision.cl\/es\/wp-json\/wp\/v2\/product_brand?post=1031"},{"taxonomy":"product_cat","embeddable":true,"href":"https:\/\/musicvision.cl\/es\/wp-json\/wp\/v2\/product_cat?post=1031"},{"taxonomy":"product_tag","embeddable":true,"href":"https:\/\/musicvision.cl\/es\/wp-json\/wp\/v2\/product_tag?post=1031"}],"curies":[{"name":"wp","href":"https:\/\/api.w.org\/{rel}","templated":true}]}}