{"id":1044,"date":"2026-02-24T21:20:02","date_gmt":"2026-02-24T21:20:02","guid":{"rendered":"https:\/\/musicvision.cl\/?post_type=product&#038;p=1044"},"modified":"2026-04-06T16:26:07","modified_gmt":"2026-04-06T16:26:07","slug":"set-campanas-musicales-de-timbre","status":"publish","type":"product","link":"https:\/\/musicvision.cl\/es\/producto\/set-campanas-musicales-de-timbre\/","title":{"rendered":"Set Campanas Musicales De timbre"},"content":{"rendered":"<p>8 campanas en un juego hechas de metal duraderas exquisitas atractivas Posici\u00f3n correspondiente de nota y escala en la parte superior de las campanas proporcionando orientaci\u00f3n en juego f\u00e1cil de jugar sintonizar suenan fuerte y claramente 8 tono en Do mayor: C,D,E,F,G,A,B,C Buen instrumento para que los ni\u00f1os desarrollen su gran coordinaci\u00f3n e inteligencia musical<\/p>","protected":false},"excerpt":{"rendered":"<p>8 campanas en un juego hechas de metal duraderas exquisitas atractivas Posici\u00f3n correspondiente de nota y escala en la parte superior de las campanas proporcionando orientaci\u00f3n en juego f\u00e1cil de jugar sintonizar suenan fuerte y claramente 8 tono en Do mayor: C,D,E,F,G,A,B,C Buen instrumento para que los ni\u00f1os desarrollen su gran coordinaci\u00f3n e inteligencia musical<\/p>","protected":false},"featured_media":1045,"template":"","meta":[],"product_brand":[112],"product_cat":[99],"product_tag":[],"class_list":{"0":"post-1044","1":"product","2":"type-product","3":"status-publish","4":"has-post-thumbnail","6":"product_brand-generico","7":"product_cat-instrumentos-musicales","9":"first","10":"outofstock","11":"sale","12":"shipping-taxable","13":"purchasable","14":"product-type-simple"},"_links":{"self":[{"href":"https:\/\/musicvision.cl\/es\/wp-json\/wp\/v2\/product\/1044","targetHints":{"allow":["GET"]}}],"collection":[{"href":"https:\/\/musicvision.cl\/es\/wp-json\/wp\/v2\/product"}],"about":[{"href":"https:\/\/musicvision.cl\/es\/wp-json\/wp\/v2\/types\/product"}],"wp:featuredmedia":[{"embeddable":true,"href":"https:\/\/musicvision.cl\/es\/wp-json\/wp\/v2\/media\/1045"}],"wp:attachment":[{"href":"https:\/\/musicvision.cl\/es\/wp-json\/wp\/v2\/media?parent=1044"}],"wp:term":[{"taxonomy":"product_brand","embeddable":true,"href":"https:\/\/musicvision.cl\/es\/wp-json\/wp\/v2\/product_brand?post=1044"},{"taxonomy":"product_cat","embeddable":true,"href":"https:\/\/musicvision.cl\/es\/wp-json\/wp\/v2\/product_cat?post=1044"},{"taxonomy":"product_tag","embeddable":true,"href":"https:\/\/musicvision.cl\/es\/wp-json\/wp\/v2\/product_tag?post=1044"}],"curies":[{"name":"wp","href":"https:\/\/api.w.org\/{rel}","templated":true}]}}