{"id":1049,"date":"2026-02-27T20:17:37","date_gmt":"2026-02-27T20:17:37","guid":{"rendered":"https:\/\/musicvision.cl\/?post_type=product&#038;p=1049"},"modified":"2026-03-03T21:20:21","modified_gmt":"2026-03-03T21:20:21","slug":"melodica-32-notas-con-estuche-y-boquilla","status":"publish","type":"product","link":"https:\/\/musicvision.cl\/es\/producto\/melodica-32-notas-con-estuche-y-boquilla\/","title":{"rendered":"Mel\u00f3dica 32 Notas  Con Estuche Y Boquilla"},"content":{"rendered":"<p>La Mel\u00f3dica\u00a0 de 32 notas es un instrumento musical vers\u00e1til y f\u00e1cil de aprender, ideal para principiantes y profesionales por igual. Con su dise\u00f1o elegante en color negro, no solo es atractiva a la vista, sino que tambi\u00e9n ofrece un sonido rico y melodioso que deleitar\u00e1 a cualquier amante de la m\u00fasica. Este modelo viene con una boquilla incluida, lo que facilita su uso desde el primer momento. Adem\u00e1s, su tama\u00f1o compacto y ligero hace que sea f\u00e1cil de transportar, por lo que puedes llevar tu m\u00fasica a donde quieras. La Mel\u00f3dica\u00a0 de 32 notas tambi\u00e9n incluye un estuche resistente para proteger el instrumento cuando no se est\u00e1 utilizando. Este estuche no solo es pr\u00e1ctico, sino que tambi\u00e9n a\u00f1ade un toque de elegancia al conjunto, haciendo de esta mel\u00f3dica una opci\u00f3n perfecta para regalar.<\/p>","protected":false},"excerpt":{"rendered":"<p>La Mel\u00f3dica de 32 notas es un instrumento musical vers\u00e1til y f\u00e1cil de aprender, ideal para principiantes y profesionales por igual. Con su dise\u00f1o elegante en color negro, no solo es atractiva a la vista, sino que tambi\u00e9n ofrece un sonido rico y melodioso que deleitar\u00e1 a cualquier amante de la m\u00fasica. Este modelo viene con una boquilla incluida, lo que facilita su uso desde el primer momento. Adem\u00e1s, su tama\u00f1o compacto y ligero hace que sea f\u00e1cil de transportar, por lo que puedes llevar tu m\u00fasica a donde quieras. La Mel\u00f3dica de 32 notas tambi\u00e9n incluye un estuche resistente para proteger el instrumento cuando no se est\u00e1 utilizando. Este estuche no solo es pr\u00e1ctico, sino que tambi\u00e9n a\u00f1ade un toque de elegancia al conjunto, haciendo de esta mel\u00f3dica una opci\u00f3n perfecta para regalar.<\/p>","protected":false},"featured_media":1051,"template":"","meta":[],"product_brand":[112],"product_cat":[75,70],"product_tag":[],"class_list":{"0":"post-1049","1":"product","2":"type-product","3":"status-publish","4":"has-post-thumbnail","6":"product_brand-generico","7":"product_cat-instrumentos","8":"product_cat-musica","10":"first","11":"instock","12":"sale","13":"shipping-taxable","14":"purchasable","15":"product-type-simple"},"_links":{"self":[{"href":"https:\/\/musicvision.cl\/es\/wp-json\/wp\/v2\/product\/1049","targetHints":{"allow":["GET"]}}],"collection":[{"href":"https:\/\/musicvision.cl\/es\/wp-json\/wp\/v2\/product"}],"about":[{"href":"https:\/\/musicvision.cl\/es\/wp-json\/wp\/v2\/types\/product"}],"wp:featuredmedia":[{"embeddable":true,"href":"https:\/\/musicvision.cl\/es\/wp-json\/wp\/v2\/media\/1051"}],"wp:attachment":[{"href":"https:\/\/musicvision.cl\/es\/wp-json\/wp\/v2\/media?parent=1049"}],"wp:term":[{"taxonomy":"product_brand","embeddable":true,"href":"https:\/\/musicvision.cl\/es\/wp-json\/wp\/v2\/product_brand?post=1049"},{"taxonomy":"product_cat","embeddable":true,"href":"https:\/\/musicvision.cl\/es\/wp-json\/wp\/v2\/product_cat?post=1049"},{"taxonomy":"product_tag","embeddable":true,"href":"https:\/\/musicvision.cl\/es\/wp-json\/wp\/v2\/product_tag?post=1049"}],"curies":[{"name":"wp","href":"https:\/\/api.w.org\/{rel}","templated":true}]}}