{"id":1057,"date":"2026-04-06T16:24:07","date_gmt":"2026-04-06T16:24:07","guid":{"rendered":"https:\/\/musicvision.cl\/?post_type=product&#038;p=1057"},"modified":"2026-04-06T16:24:07","modified_gmt":"2026-04-06T16:24:07","slug":"bajo-electrico-azul-amplificador-20w","status":"publish","type":"product","link":"https:\/\/musicvision.cl\/es\/producto\/bajo-electrico-azul-amplificador-20w\/","title":{"rendered":"Bajo El\u00e9ctrico Azul + Amplificador 20w"},"content":{"rendered":"<ul class=\"ui-vpp-highlighted-specs__features-list\">\n<li class=\"ui-vpp-highlighted-specs__features-list-item ui-pdp-color--BLACK ui-pdp-size--XSMALL ui-pdp-family--REGULAR\">Orientaci\u00f3n de la mano: Diestro.<\/li>\n<li class=\"ui-vpp-highlighted-specs__features-list-item ui-pdp-color--BLACK ui-pdp-size--XSMALL ui-pdp-family--REGULAR\">Cantidad de cuerdas: 4.<\/li>\n<li class=\"ui-vpp-highlighted-specs__features-list-item ui-pdp-color--BLACK ui-pdp-size--XSMALL ui-pdp-family--REGULAR\">Acabado del cuerpo: Laqueado.<\/li>\n<li class=\"ui-vpp-highlighted-specs__features-list-item ui-pdp-color--BLACK ui-pdp-size--XSMALL ui-pdp-family--REGULAR\">Cuerpo fabricado en tilo macizo.<\/li>\n<li class=\"ui-vpp-highlighted-specs__features-list-item ui-pdp-color--BLACK ui-pdp-size--XSMALL ui-pdp-family--REGULAR\">Tiene 24 trastes.<\/li>\n<li class=\"ui-vpp-highlighted-specs__features-list-item ui-pdp-color--BLACK ui-pdp-size--XSMALL ui-pdp-family--REGULAR\">Accesorios incluidos: amplificador.<\/li>\n<li class=\"ui-vpp-highlighted-specs__features-list-item ui-pdp-color--BLACK ui-pdp-size--XSMALL ui-pdp-family--REGULAR\">Origen: china.<\/li>\n<\/ul>","protected":false},"excerpt":{"rendered":"<p>El Bajo El\u00e9ctrico Fiddler Azul es una joya para los amantes de la m\u00fasica. Con su dise\u00f1o elegante y acabado en azul, captura la esencia cl\u00e1sica del bajo el\u00e9ctrico, pero con un toque moderno. Su cuerpo s\u00f3lido de madera de alta calidad proporciona una resonancia excepcional y una larga durabilidad. Adem\u00e1s, su diapas\u00f3n de palisandro ofrece una experiencia de juego suave y c\u00f3moda, mientras que sus c\u00e1psulas de alta calidad brindan un sonido rico y vers\u00e1til. Ya seas un principiante o un m\u00fasico experimentado, el Bajo El\u00e9ctrico Fiddler Azul te permitir\u00e1 destacar en cualquier g\u00e9nero musical. Acompa\u00f1ando a este bajo, se encuentra el Amplificador de 20 W. Este amplificador compacto pero potente es el compa\u00f1ero perfecto para tu bajo el\u00e9ctrico. Con una potencia de 20 watts, ofrece un sonido n\u00edtido y lleno de matices para que puedas expresarte plenamente. Adem\u00e1s, cuenta con controles de tono y volumen para ajustar tu sonido de acuerdo con tus preferencias. Ya sea que est\u00e9s ensayando en casa o tocando en un peque\u00f1o concierto, el Amplificador 20 W te brinda la potencia y la calidad de sonido que necesitas.<\/p>","protected":false},"featured_media":1058,"template":"","meta":[],"product_brand":[120],"product_cat":[121,75],"product_tag":[],"class_list":{"0":"post-1057","1":"product","2":"type-product","3":"status-publish","4":"has-post-thumbnail","6":"product_brand-fiddler","7":"product_cat-bajo-electrico","8":"product_cat-instrumentos","10":"first","11":"instock","12":"sale","13":"shipping-taxable","14":"purchasable","15":"product-type-simple"},"_links":{"self":[{"href":"https:\/\/musicvision.cl\/es\/wp-json\/wp\/v2\/product\/1057","targetHints":{"allow":["GET"]}}],"collection":[{"href":"https:\/\/musicvision.cl\/es\/wp-json\/wp\/v2\/product"}],"about":[{"href":"https:\/\/musicvision.cl\/es\/wp-json\/wp\/v2\/types\/product"}],"wp:featuredmedia":[{"embeddable":true,"href":"https:\/\/musicvision.cl\/es\/wp-json\/wp\/v2\/media\/1058"}],"wp:attachment":[{"href":"https:\/\/musicvision.cl\/es\/wp-json\/wp\/v2\/media?parent=1057"}],"wp:term":[{"taxonomy":"product_brand","embeddable":true,"href":"https:\/\/musicvision.cl\/es\/wp-json\/wp\/v2\/product_brand?post=1057"},{"taxonomy":"product_cat","embeddable":true,"href":"https:\/\/musicvision.cl\/es\/wp-json\/wp\/v2\/product_cat?post=1057"},{"taxonomy":"product_tag","embeddable":true,"href":"https:\/\/musicvision.cl\/es\/wp-json\/wp\/v2\/product_tag?post=1057"}],"curies":[{"name":"wp","href":"https:\/\/api.w.org\/{rel}","templated":true}]}}