{"id":1066,"date":"2026-04-06T22:21:35","date_gmt":"2026-04-06T22:21:35","guid":{"rendered":"https:\/\/musicvision.cl\/?post_type=product&#038;p=1066"},"modified":"2026-04-06T22:21:35","modified_gmt":"2026-04-06T22:21:35","slug":"guitarra-electroacustica-41-6-cuerdas-metal-funda-incluida","status":"publish","type":"product","link":"https:\/\/musicvision.cl\/es\/producto\/guitarra-electroacustica-41-6-cuerdas-metal-funda-incluida\/","title":{"rendered":"Guitarra Electroac\u00fastica 41&#8243;  6 Cuerdas Metal Funda Incluida"},"content":{"rendered":"<p>Disfruta la calidad del sonido Una guitarra electro-ac\u00fastica es un instrumento musical arm\u00f3nico equipado con ecualizador. Caracter\u00edsticas: \u00b7 Cuerdas Metalicas \u00b7 Corte Cataway \u00b7 Equalizador activo 4 bandas mas volumen \u00b7 Cubierta de abeto puente y diapas\u00f3n palo Rosa \u00b7 Fondo y costado de Caoba \u00b7 Cubierta de abeto, diapas\u00f3n y puente palo de rosa \u00b7 Finas terminaciones en ABS \u00b7 Guitarra de alta calidad \u00b7 Incluye funda y alma<\/p>","protected":false},"excerpt":{"rendered":"<p>Disfruta la calidad del sonido Una guitarra electro-ac\u00fastica es un instrumento musical arm\u00f3nico equipado con ecualizador. Caracter\u00edsticas: \u00b7 Cuerdas Metalicas \u00b7 Corte Cataway \u00b7 Equalizador activo 4 bandas mas volumen \u00b7 Cubierta de abeto puente y diapas\u00f3n palo Rosa \u00b7 Fondo y costado de Caoba \u00b7 Cubierta de abeto, diapas\u00f3n y puente palo de rosa \u00b7 Finas terminaciones en ABS \u00b7 Guitarra de alta calidad \u00b7 Incluye funda y alma<\/p>","protected":false},"featured_media":1067,"template":"","meta":[],"product_brand":[124],"product_cat":[125],"product_tag":[],"class_list":{"0":"post-1066","1":"product","2":"type-product","3":"status-publish","4":"has-post-thumbnail","6":"product_brand-sevillana","7":"product_cat-guitarra-e-acustica","9":"first","10":"instock","11":"sale","12":"shipping-taxable","13":"purchasable","14":"product-type-simple"},"_links":{"self":[{"href":"https:\/\/musicvision.cl\/es\/wp-json\/wp\/v2\/product\/1066","targetHints":{"allow":["GET"]}}],"collection":[{"href":"https:\/\/musicvision.cl\/es\/wp-json\/wp\/v2\/product"}],"about":[{"href":"https:\/\/musicvision.cl\/es\/wp-json\/wp\/v2\/types\/product"}],"wp:featuredmedia":[{"embeddable":true,"href":"https:\/\/musicvision.cl\/es\/wp-json\/wp\/v2\/media\/1067"}],"wp:attachment":[{"href":"https:\/\/musicvision.cl\/es\/wp-json\/wp\/v2\/media?parent=1066"}],"wp:term":[{"taxonomy":"product_brand","embeddable":true,"href":"https:\/\/musicvision.cl\/es\/wp-json\/wp\/v2\/product_brand?post=1066"},{"taxonomy":"product_cat","embeddable":true,"href":"https:\/\/musicvision.cl\/es\/wp-json\/wp\/v2\/product_cat?post=1066"},{"taxonomy":"product_tag","embeddable":true,"href":"https:\/\/musicvision.cl\/es\/wp-json\/wp\/v2\/product_tag?post=1066"}],"curies":[{"name":"wp","href":"https:\/\/api.w.org\/{rel}","templated":true}]}}