{"id":336,"date":"2025-11-10T02:03:42","date_gmt":"2025-11-10T02:03:42","guid":{"rendered":"https:\/\/musicvision.cl\/?post_type=product&#038;p=336"},"modified":"2025-11-10T02:03:43","modified_gmt":"2025-11-10T02:03:43","slug":"set-de-guitarra-y-microfono-de-pedestal-para-ninos","status":"publish","type":"product","link":"https:\/\/musicvision.cl\/es\/producto\/set-de-guitarra-y-microfono-de-pedestal-para-ninos\/","title":{"rendered":"Set de guitarra y micro\u0301fono de pedestal para nin\u0303os"},"content":{"rendered":"<p>Sistema compuesto por la combinaci\u00f3n de uno o m\u00e1s sistemas resonantes y medios para su vibraci\u00f3n, construido con el fin de producir <a title=\"Sonido\" href=\"https:\/\/es.wikipedia.org\/wiki\/Sonido\">sonido<\/a>\u00a0en uno o m\u00e1s\u00a0<a title=\"Tono (ac\u00fastica)\" href=\"https:\/\/es.wikipedia.org\/wiki\/Tono_(ac%C3%BAstica)\">tonos<\/a>\u00a0que puedan ser combinados por un int\u00e9rprete para producir\u00a0<a title=\"M\u00fasica\" href=\"https:\/\/es.wikipedia.org\/wiki\/M%C3%BAsica\">m\u00fasica<\/a><\/p>","protected":false},"excerpt":{"rendered":"<p>Sistema compuesto por la combinaci\u00f3n de uno o m\u00e1s sistemas resonantes y medios para su vibraci\u00f3n, construido con el fin de producir <a title=\"Sonido\" href=\"https:\/\/es.wikipedia.org\/wiki\/Sonido\">sonido<\/a>\u00a0en uno o m\u00e1s\u00a0<a title=\"Tono (ac\u00fastica)\" href=\"https:\/\/es.wikipedia.org\/wiki\/Tono_(ac%C3%BAstica)\">tonos<\/a>\u00a0que puedan ser combinados por un int\u00e9rprete para producir\u00a0<a title=\"M\u00fasica\" href=\"https:\/\/es.wikipedia.org\/wiki\/M%C3%BAsica\">m\u00fasica<\/a><\/p>","protected":false},"featured_media":278,"template":"","meta":[],"product_brand":[],"product_cat":[68,72,70],"product_tag":[],"class_list":{"0":"post-336","1":"product","2":"type-product","3":"status-publish","4":"has-post-thumbnail","6":"product_cat-audio","7":"product_cat-cuerdas","8":"product_cat-musica","10":"first","11":"instock","12":"shipping-taxable","13":"purchasable","14":"product-type-simple"},"_links":{"self":[{"href":"https:\/\/musicvision.cl\/es\/wp-json\/wp\/v2\/product\/336","targetHints":{"allow":["GET"]}}],"collection":[{"href":"https:\/\/musicvision.cl\/es\/wp-json\/wp\/v2\/product"}],"about":[{"href":"https:\/\/musicvision.cl\/es\/wp-json\/wp\/v2\/types\/product"}],"wp:featuredmedia":[{"embeddable":true,"href":"https:\/\/musicvision.cl\/es\/wp-json\/wp\/v2\/media\/278"}],"wp:attachment":[{"href":"https:\/\/musicvision.cl\/es\/wp-json\/wp\/v2\/media?parent=336"}],"wp:term":[{"taxonomy":"product_brand","embeddable":true,"href":"https:\/\/musicvision.cl\/es\/wp-json\/wp\/v2\/product_brand?post=336"},{"taxonomy":"product_cat","embeddable":true,"href":"https:\/\/musicvision.cl\/es\/wp-json\/wp\/v2\/product_cat?post=336"},{"taxonomy":"product_tag","embeddable":true,"href":"https:\/\/musicvision.cl\/es\/wp-json\/wp\/v2\/product_tag?post=336"}],"curies":[{"name":"wp","href":"https:\/\/api.w.org\/{rel}","templated":true}]}}