{"id":339,"date":"2025-11-10T02:14:14","date_gmt":"2025-11-10T02:14:14","guid":{"rendered":"https:\/\/musicvision.cl\/?post_type=product&#038;p=339"},"modified":"2026-01-16T16:29:02","modified_gmt":"2026-01-16T16:29:02","slug":"pack-guitarra-electrica","status":"publish","type":"product","link":"https:\/\/musicvision.cl\/es\/producto\/pack-guitarra-electrica\/","title":{"rendered":"Pack guitarra ele\u0301ctrica"},"content":{"rendered":"<p>Un instrumento musical se utiliza para hacer\u00a0<a title=\"M\u00fasica\" href=\"https:\/\/es.wikipedia.org\/wiki\/M%C3%BAsica\">sonidos musicales<\/a>. Una vez que los seres humanos pasaron de hacer sonidos con sus cuerpos -por ejemplo, dando palmas- a utilizar objetos para crear m\u00fasica a partir de sonidos, nacieron los instrumentos musicales.<sup id=\"cite_ref-Montagu1_119-0\" class=\"mw-references reference separada\"><a href=\"https:\/\/es.wikipedia.org\/wiki\/Instrumento_musical#cite_note-Montagu1-119\"><span class=\"cite-bracket\">[<\/span>119<span class=\"cite-bracket\">]<\/span><\/a><\/sup>\u200b Los instrumentos primitivos fueron probablemente dise\u00f1ados para emular sonidos naturales, y su prop\u00f3sito era m\u00e1s ritual que de entretenimiento<\/p>","protected":false},"excerpt":{"rendered":"<p>Un instrumento musical se utiliza para hacer\u00a0<a title=\"M\u00fasica\" href=\"https:\/\/es.wikipedia.org\/wiki\/M%C3%BAsica\">sonidos musicales<\/a>. Una vez que los seres humanos pasaron de hacer sonidos con sus cuerpos -por ejemplo, dando palmas- a utilizar objetos para crear m\u00fasica a partir de sonidos, nacieron los instrumentos musicales.<sup id=\"cite_ref-Montagu1_119-0\" class=\"mw-references reference separada\"><a href=\"https:\/\/es.wikipedia.org\/wiki\/Instrumento_musical#cite_note-Montagu1-119\"><span class=\"cite-bracket\">[<\/span>119<span class=\"cite-bracket\">]<\/span><\/a><\/sup>\u200b Los instrumentos primitivos fueron probablemente dise\u00f1ados para emular sonidos naturales, y su prop\u00f3sito era m\u00e1s ritual que de entretenimiento<\/p>","protected":false},"featured_media":277,"template":"","meta":[],"product_brand":[],"product_cat":[72,70],"product_tag":[],"class_list":{"0":"post-339","1":"product","2":"type-product","3":"status-publish","4":"has-post-thumbnail","6":"product_cat-cuerdas","7":"product_cat-musica","9":"first","10":"outofstock","11":"shipping-taxable","12":"purchasable","13":"product-type-simple"},"_links":{"self":[{"href":"https:\/\/musicvision.cl\/es\/wp-json\/wp\/v2\/product\/339","targetHints":{"allow":["GET"]}}],"collection":[{"href":"https:\/\/musicvision.cl\/es\/wp-json\/wp\/v2\/product"}],"about":[{"href":"https:\/\/musicvision.cl\/es\/wp-json\/wp\/v2\/types\/product"}],"wp:featuredmedia":[{"embeddable":true,"href":"https:\/\/musicvision.cl\/es\/wp-json\/wp\/v2\/media\/277"}],"wp:attachment":[{"href":"https:\/\/musicvision.cl\/es\/wp-json\/wp\/v2\/media?parent=339"}],"wp:term":[{"taxonomy":"product_brand","embeddable":true,"href":"https:\/\/musicvision.cl\/es\/wp-json\/wp\/v2\/product_brand?post=339"},{"taxonomy":"product_cat","embeddable":true,"href":"https:\/\/musicvision.cl\/es\/wp-json\/wp\/v2\/product_cat?post=339"},{"taxonomy":"product_tag","embeddable":true,"href":"https:\/\/musicvision.cl\/es\/wp-json\/wp\/v2\/product_tag?post=339"}],"curies":[{"name":"wp","href":"https:\/\/api.w.org\/{rel}","templated":true}]}}