{"id":348,"date":"2025-11-10T02:48:06","date_gmt":"2025-11-10T02:48:06","guid":{"rendered":"https:\/\/musicvision.cl\/?post_type=product&#038;p=348"},"modified":"2026-03-10T19:53:20","modified_gmt":"2026-03-10T19:53:20","slug":"metalofono-cromatico-25-notas","status":"publish","type":"product","link":"https:\/\/musicvision.cl\/es\/producto\/metalofono-cromatico-25-notas\/","title":{"rendered":"Metalofono croma\u0301tico 25 notas"},"content":{"rendered":"<p>Metalofono multifuncional: El sonido de este metalofono es claro y agradable. Tocar el instrumento musical puede cultivar la coordinaci\u00f3n ojo-mano de los ni\u00f1os. El metalofono para ni\u00f1os con maleta es f\u00e1cil de llevar. El metalofono para ni\u00f1os peque\u00f1os es adecuado para la iluminaci\u00f3n musical, ayud\u00e1ndoles a familiarizarse con una octava, intervalos y ritmos, aprendizaje escolar y entretenimiento, que se adapta a un amplio rango de edad, desde ni\u00f1os peque\u00f1os hasta ni\u00f1os en edad escolar.<\/p>","protected":false},"excerpt":{"rendered":"<p>Metalofono multifuncional: El sonido de este metalofono es claro y agradable. Tocar el instrumento musical puede cultivar la coordinaci\u00f3n ojo-mano de los ni\u00f1os. El metalofono para ni\u00f1os con maleta es f\u00e1cil de llevar. El metalofono para ni\u00f1os peque\u00f1os es adecuado para la iluminaci\u00f3n musical, ayud\u00e1ndoles a familiarizarse con una octava, intervalos y ritmos, aprendizaje escolar y entretenimiento, que se adapta a un amplio rango de edad, desde ni\u00f1os peque\u00f1os hasta ni\u00f1os en edad escolar.<\/p>","protected":false},"featured_media":482,"template":"","meta":[],"product_brand":[],"product_cat":[99,70],"product_tag":[],"class_list":{"0":"post-348","1":"product","2":"type-product","3":"status-publish","4":"has-post-thumbnail","6":"product_cat-instrumentos-musicales","7":"product_cat-musica","9":"first","10":"outofstock","11":"sale","12":"shipping-taxable","13":"purchasable","14":"product-type-simple"},"_links":{"self":[{"href":"https:\/\/musicvision.cl\/es\/wp-json\/wp\/v2\/product\/348","targetHints":{"allow":["GET"]}}],"collection":[{"href":"https:\/\/musicvision.cl\/es\/wp-json\/wp\/v2\/product"}],"about":[{"href":"https:\/\/musicvision.cl\/es\/wp-json\/wp\/v2\/types\/product"}],"wp:featuredmedia":[{"embeddable":true,"href":"https:\/\/musicvision.cl\/es\/wp-json\/wp\/v2\/media\/482"}],"wp:attachment":[{"href":"https:\/\/musicvision.cl\/es\/wp-json\/wp\/v2\/media?parent=348"}],"wp:term":[{"taxonomy":"product_brand","embeddable":true,"href":"https:\/\/musicvision.cl\/es\/wp-json\/wp\/v2\/product_brand?post=348"},{"taxonomy":"product_cat","embeddable":true,"href":"https:\/\/musicvision.cl\/es\/wp-json\/wp\/v2\/product_cat?post=348"},{"taxonomy":"product_tag","embeddable":true,"href":"https:\/\/musicvision.cl\/es\/wp-json\/wp\/v2\/product_tag?post=348"}],"curies":[{"name":"wp","href":"https:\/\/api.w.org\/{rel}","templated":true}]}}