{"id":447,"date":"2025-11-12T03:23:03","date_gmt":"2025-11-12T03:23:03","guid":{"rendered":"https:\/\/musicvision.cl\/?post_type=product&#038;p=447"},"modified":"2026-01-09T21:23:25","modified_gmt":"2026-01-09T21:23:25","slug":"bateria-percusion-infantil-2","status":"publish","type":"product","link":"https:\/\/musicvision.cl\/es\/producto\/bateria-percusion-infantil-2\/","title":{"rendered":"BATERIA PERCUSION INFANTIL RK COLOR NEGRO"},"content":{"rendered":"<p>Instrumento ideal para que tus hijos descubran su amor por la m\u00fasica. Con nuestra bater\u00eda para ni\u00f1os de tama\u00f1o reducido podr\u00e1s explotar al m\u00e1ximo su potencial, desarrolla su coordinaci\u00f3n y sentido del ritmo de una forma m\u00e1s divertida. De excelente calidad y dise\u00f1o, fabricada en madera y hierro, cuenta con asiento de cuerina y baquetas incluidas. (Edad recomendada de 3 a 7 a\u00f1os). Dise\u00f1o seguro y resistente, materiales aptos para ni\u00f1os Sonidos reales para una experiencia musical divertida F\u00e1cil de tocar y transportar, ideal para aprendizaje y entretenimiento<\/p>","protected":false},"excerpt":{"rendered":"<p>Instrumento ideal para que tus hijos descubran su amor por la m\u00fasica. Con nuestra bater\u00eda para ni\u00f1os de tama\u00f1o reducido podr\u00e1s explotar al m\u00e1ximo su potencial, desarrolla su coordinaci\u00f3n y sentido del ritmo de una forma m\u00e1s divertida. De excelente calidad y dise\u00f1o, fabricada en madera y hierro, cuenta con asiento de cuerina y baquetas incluidas. (Edad recomendada de 3 a 7 a\u00f1os). Dise\u00f1o seguro y resistente, materiales aptos para ni\u00f1os Sonidos reales para una experiencia musical divertida F\u00e1cil de tocar y transportar, ideal para aprendizaje y entretenimiento<\/p>","protected":false},"featured_media":437,"template":"","meta":[],"product_brand":[],"product_cat":[75,70],"product_tag":[],"class_list":{"0":"post-447","1":"product","2":"type-product","3":"status-publish","4":"has-post-thumbnail","6":"product_cat-instrumentos","7":"product_cat-musica","9":"first","10":"outofstock","11":"shipping-taxable","12":"purchasable","13":"product-type-simple"},"_links":{"self":[{"href":"https:\/\/musicvision.cl\/es\/wp-json\/wp\/v2\/product\/447","targetHints":{"allow":["GET"]}}],"collection":[{"href":"https:\/\/musicvision.cl\/es\/wp-json\/wp\/v2\/product"}],"about":[{"href":"https:\/\/musicvision.cl\/es\/wp-json\/wp\/v2\/types\/product"}],"wp:featuredmedia":[{"embeddable":true,"href":"https:\/\/musicvision.cl\/es\/wp-json\/wp\/v2\/media\/437"}],"wp:attachment":[{"href":"https:\/\/musicvision.cl\/es\/wp-json\/wp\/v2\/media?parent=447"}],"wp:term":[{"taxonomy":"product_brand","embeddable":true,"href":"https:\/\/musicvision.cl\/es\/wp-json\/wp\/v2\/product_brand?post=447"},{"taxonomy":"product_cat","embeddable":true,"href":"https:\/\/musicvision.cl\/es\/wp-json\/wp\/v2\/product_cat?post=447"},{"taxonomy":"product_tag","embeddable":true,"href":"https:\/\/musicvision.cl\/es\/wp-json\/wp\/v2\/product_tag?post=447"}],"curies":[{"name":"wp","href":"https:\/\/api.w.org\/{rel}","templated":true}]}}