{"id":448,"date":"2025-11-12T03:30:22","date_gmt":"2025-11-12T03:30:22","guid":{"rendered":"https:\/\/musicvision.cl\/?post_type=product&#038;p=448"},"modified":"2026-01-09T21:18:19","modified_gmt":"2026-01-09T21:18:19","slug":"teclado-musical-rk-digital-54-notas-color-negro","status":"publish","type":"product","link":"https:\/\/musicvision.cl\/es\/producto\/teclado-musical-rk-digital-54-notas-color-negro\/","title":{"rendered":"TECLADO MUSICAL RK DIGITAL 54 NOTAS COLOR NEGRO"},"content":{"rendered":"<p>No te pierdas esta oportunidad de llevar un incre\u00edble teclado musical de 54 teclas de excelente calidad con m\u00e1s de 100 voces, 300 estilos de acompa\u00f1amiento y 50 canciones demo. Ideal para principiantes. Pose conexi\u00f3n para aud\u00edfonos. (Transformador incluido)<\/p>","protected":false},"excerpt":{"rendered":"<p>No te pierdas esta oportunidad de llevar un incre\u00edble teclado musical de 54 teclas de excelente calidad con m\u00e1s de 100 voces, 300 estilos de acompa\u00f1amiento y 50 canciones demo. Ideal para principiantes. Pose conexi\u00f3n para aud\u00edfonos. (Transformador incluido)<\/p>","protected":false},"featured_media":443,"template":"","meta":[],"product_brand":[],"product_cat":[75,70],"product_tag":[],"class_list":{"0":"post-448","1":"product","2":"type-product","3":"status-publish","4":"has-post-thumbnail","6":"product_cat-instrumentos","7":"product_cat-musica","9":"first","10":"outofstock","11":"shipping-taxable","12":"purchasable","13":"product-type-simple"},"_links":{"self":[{"href":"https:\/\/musicvision.cl\/es\/wp-json\/wp\/v2\/product\/448","targetHints":{"allow":["GET"]}}],"collection":[{"href":"https:\/\/musicvision.cl\/es\/wp-json\/wp\/v2\/product"}],"about":[{"href":"https:\/\/musicvision.cl\/es\/wp-json\/wp\/v2\/types\/product"}],"wp:featuredmedia":[{"embeddable":true,"href":"https:\/\/musicvision.cl\/es\/wp-json\/wp\/v2\/media\/443"}],"wp:attachment":[{"href":"https:\/\/musicvision.cl\/es\/wp-json\/wp\/v2\/media?parent=448"}],"wp:term":[{"taxonomy":"product_brand","embeddable":true,"href":"https:\/\/musicvision.cl\/es\/wp-json\/wp\/v2\/product_brand?post=448"},{"taxonomy":"product_cat","embeddable":true,"href":"https:\/\/musicvision.cl\/es\/wp-json\/wp\/v2\/product_cat?post=448"},{"taxonomy":"product_tag","embeddable":true,"href":"https:\/\/musicvision.cl\/es\/wp-json\/wp\/v2\/product_tag?post=448"}],"curies":[{"name":"wp","href":"https:\/\/api.w.org\/{rel}","templated":true}]}}