{"id":449,"date":"2025-11-12T03:36:16","date_gmt":"2025-11-12T03:36:16","guid":{"rendered":"https:\/\/musicvision.cl\/?post_type=product&#038;p=449"},"modified":"2026-01-09T21:17:22","modified_gmt":"2026-01-09T21:17:22","slug":"teclado-musical-digital-infantil-54-notas-color-gris","status":"publish","type":"product","link":"https:\/\/musicvision.cl\/es\/producto\/teclado-musical-digital-infantil-54-notas-color-gris\/","title":{"rendered":"TECLADO MUSICAL DIGITAL INFANTIL 54 NOTAS COLOR GRIS"},"content":{"rendered":"<p>Teclado electr\u00f3nico de 54 teclas, dise\u00f1ado para principiantes o ni\u00f1os. Estos teclados suelen ser compactos, econ\u00f3micos e incluyen caracter\u00edsticas como pantalla led, conexi\u00f3n para micr\u00f3fono y funcionan con adaptador de corriente o pilas.<\/p>","protected":false},"excerpt":{"rendered":"<p>Teclado electr\u00f3nico de 54 teclas, dise\u00f1ado para principiantes o ni\u00f1os. Estos teclados suelen ser compactos, econ\u00f3micos e incluyen caracter\u00edsticas como pantalla led, conexi\u00f3n para micr\u00f3fono y funcionan con adaptador de corriente o pilas.<\/p>","protected":false},"featured_media":441,"template":"","meta":[],"product_brand":[],"product_cat":[75,70],"product_tag":[],"class_list":{"0":"post-449","1":"product","2":"type-product","3":"status-publish","4":"has-post-thumbnail","6":"product_cat-instrumentos","7":"product_cat-musica","9":"first","10":"outofstock","11":"shipping-taxable","12":"purchasable","13":"product-type-simple"},"_links":{"self":[{"href":"https:\/\/musicvision.cl\/es\/wp-json\/wp\/v2\/product\/449","targetHints":{"allow":["GET"]}}],"collection":[{"href":"https:\/\/musicvision.cl\/es\/wp-json\/wp\/v2\/product"}],"about":[{"href":"https:\/\/musicvision.cl\/es\/wp-json\/wp\/v2\/types\/product"}],"wp:featuredmedia":[{"embeddable":true,"href":"https:\/\/musicvision.cl\/es\/wp-json\/wp\/v2\/media\/441"}],"wp:attachment":[{"href":"https:\/\/musicvision.cl\/es\/wp-json\/wp\/v2\/media?parent=449"}],"wp:term":[{"taxonomy":"product_brand","embeddable":true,"href":"https:\/\/musicvision.cl\/es\/wp-json\/wp\/v2\/product_brand?post=449"},{"taxonomy":"product_cat","embeddable":true,"href":"https:\/\/musicvision.cl\/es\/wp-json\/wp\/v2\/product_cat?post=449"},{"taxonomy":"product_tag","embeddable":true,"href":"https:\/\/musicvision.cl\/es\/wp-json\/wp\/v2\/product_tag?post=449"}],"curies":[{"name":"wp","href":"https:\/\/api.w.org\/{rel}","templated":true}]}}