{"id":450,"date":"2025-11-12T03:40:47","date_gmt":"2025-11-12T03:40:47","guid":{"rendered":"https:\/\/musicvision.cl\/?post_type=product&#038;p=450"},"modified":"2026-01-09T21:16:22","modified_gmt":"2026-01-09T21:16:22","slug":"violin-4-4-hendrix-color-retr","status":"publish","type":"product","link":"https:\/\/musicvision.cl\/es\/producto\/violin-4-4-hendrix-color-retr\/","title":{"rendered":"VIOLIN 4\/4 HENDRIX COLOR RETR"},"content":{"rendered":"<p>Un instrumento de alta calidad, Color retro y aspecto elegante, a un valor excepcional. Posee Parte superior de abeto y diapas\u00f3n de \u00e9bano. Adem\u00e1s de micro afinadores de alta calidad. Incluye estuche de calidad para mayor protecci\u00f3n y confort al momento de su transporte.<\/p>","protected":false},"excerpt":{"rendered":"<p>Un instrumento de alta calidad, Color retro y aspecto elegante, a un valor excepcional. Posee Parte superior de abeto y diapas\u00f3n de \u00e9bano. Adem\u00e1s de micro afinadores de alta calidad. Incluye estuche de calidad para mayor protecci\u00f3n y confort al momento de su transporte.<\/p>","protected":false},"featured_media":445,"template":"","meta":[],"product_brand":[],"product_cat":[75,70],"product_tag":[],"class_list":{"0":"post-450","1":"product","2":"type-product","3":"status-publish","4":"has-post-thumbnail","6":"product_cat-instrumentos","7":"product_cat-musica","9":"first","10":"outofstock","11":"shipping-taxable","12":"purchasable","13":"product-type-simple"},"_links":{"self":[{"href":"https:\/\/musicvision.cl\/es\/wp-json\/wp\/v2\/product\/450","targetHints":{"allow":["GET"]}}],"collection":[{"href":"https:\/\/musicvision.cl\/es\/wp-json\/wp\/v2\/product"}],"about":[{"href":"https:\/\/musicvision.cl\/es\/wp-json\/wp\/v2\/types\/product"}],"wp:featuredmedia":[{"embeddable":true,"href":"https:\/\/musicvision.cl\/es\/wp-json\/wp\/v2\/media\/445"}],"wp:attachment":[{"href":"https:\/\/musicvision.cl\/es\/wp-json\/wp\/v2\/media?parent=450"}],"wp:term":[{"taxonomy":"product_brand","embeddable":true,"href":"https:\/\/musicvision.cl\/es\/wp-json\/wp\/v2\/product_brand?post=450"},{"taxonomy":"product_cat","embeddable":true,"href":"https:\/\/musicvision.cl\/es\/wp-json\/wp\/v2\/product_cat?post=450"},{"taxonomy":"product_tag","embeddable":true,"href":"https:\/\/musicvision.cl\/es\/wp-json\/wp\/v2\/product_tag?post=450"}],"curies":[{"name":"wp","href":"https:\/\/api.w.org\/{rel}","templated":true}]}}