{"id":451,"date":"2025-11-12T03:44:16","date_gmt":"2025-11-12T03:44:16","guid":{"rendered":"https:\/\/musicvision.cl\/?post_type=product&#038;p=451"},"modified":"2026-01-09T21:14:42","modified_gmt":"2026-01-09T21:14:42","slug":"atril-de-microfono-ajustable","status":"publish","type":"product","link":"https:\/\/musicvision.cl\/es\/producto\/atril-de-microfono-ajustable\/","title":{"rendered":"ATRIL DE MICROFONO AJUSTABLE"},"content":{"rendered":"<p>Soporte para micr\u00f3fono multidireccional facilita la orientaci\u00f3n. Dise\u00f1o que permite ajuste r\u00e1pido de \u00e1ngulo y altura. Incluye pinzas para asegurar el micr\u00f3fono y evitar ca\u00eddas. Capacidad para dos micr\u00f3fonos para grabaciones en est\u00e9reo.<\/p>","protected":false},"excerpt":{"rendered":"<p>Soporte para micr\u00f3fono multidireccional facilita la orientaci\u00f3n. Dise\u00f1o que permite ajuste r\u00e1pido de \u00e1ngulo y altura. Incluye pinzas para asegurar el micr\u00f3fono y evitar ca\u00eddas. Capacidad para dos micr\u00f3fonos para grabaciones en est\u00e9reo.<\/p>","protected":false},"featured_media":435,"template":"","meta":[],"product_brand":[],"product_cat":[75,70],"product_tag":[],"class_list":{"0":"post-451","1":"product","2":"type-product","3":"status-publish","4":"has-post-thumbnail","6":"product_cat-instrumentos","7":"product_cat-musica","9":"first","10":"instock","11":"shipping-taxable","12":"purchasable","13":"product-type-simple"},"_links":{"self":[{"href":"https:\/\/musicvision.cl\/es\/wp-json\/wp\/v2\/product\/451","targetHints":{"allow":["GET"]}}],"collection":[{"href":"https:\/\/musicvision.cl\/es\/wp-json\/wp\/v2\/product"}],"about":[{"href":"https:\/\/musicvision.cl\/es\/wp-json\/wp\/v2\/types\/product"}],"wp:featuredmedia":[{"embeddable":true,"href":"https:\/\/musicvision.cl\/es\/wp-json\/wp\/v2\/media\/435"}],"wp:attachment":[{"href":"https:\/\/musicvision.cl\/es\/wp-json\/wp\/v2\/media?parent=451"}],"wp:term":[{"taxonomy":"product_brand","embeddable":true,"href":"https:\/\/musicvision.cl\/es\/wp-json\/wp\/v2\/product_brand?post=451"},{"taxonomy":"product_cat","embeddable":true,"href":"https:\/\/musicvision.cl\/es\/wp-json\/wp\/v2\/product_cat?post=451"},{"taxonomy":"product_tag","embeddable":true,"href":"https:\/\/musicvision.cl\/es\/wp-json\/wp\/v2\/product_tag?post=451"}],"curies":[{"name":"wp","href":"https:\/\/api.w.org\/{rel}","templated":true}]}}