{"id":452,"date":"2025-11-12T03:50:30","date_gmt":"2025-11-12T03:50:30","guid":{"rendered":"https:\/\/musicvision.cl\/?post_type=product&#038;p=452"},"modified":"2026-01-09T21:12:24","modified_gmt":"2026-01-09T21:12:24","slug":"guitarra-clasica-39-hendrix-color-negro","status":"publish","type":"product","link":"https:\/\/musicvision.cl\/es\/producto\/guitarra-clasica-39-hendrix-color-negro\/","title":{"rendered":"GUITARRA CLASICA 39\u201d Hendrix Color Negro"},"content":{"rendered":"<p>La guitarra cl\u00e1sica, tambi\u00e9n conocida como guitarra criolla, guitarra flamenca, guitarra ac\u00fastica o guitarra espa\u00f1ola, es un instrumento musical de la familia de los cord\u00f3fonos, es decir los instrumentos que producen su sonido al hacer vibrar las cuerdas. Es un instrumento musical de cuerda pulsada, compuesto de una caja de resonancia, un m\u00e1stil sobre el que va adosado el diapas\u00f3n o trastero. La guitarra cl\u00e1sica o ac\u00fastica es un instrumento de cuerdas ejecutable en casi todos los g\u00e9neros musicales en la actualidad, es un instrumento caracterizado por su versatilidad, aunque siempre mantiene su sonido cl\u00e1sico ac\u00fastico. La guitarra ac\u00fastica para estudiantes de Hendrix es ideal para cualquiera que busque una guitarra atractiva que satisfaga sus necesidades de actuaci\u00f3n en vivo, todo sin un alto coste. Con un tama\u00f1o de 39&#8243;, un puente compensado y atractivo adem\u00e1s de un laminado profesional elevan esta guitarra a tonos m\u00e1s all\u00e1 de su etiqueta de precio.<\/p>","protected":false},"excerpt":{"rendered":"<p>La guitarra cl\u00e1sica, tambi\u00e9n conocida como guitarra criolla, guitarra flamenca, guitarra ac\u00fastica o guitarra espa\u00f1ola, es un instrumento musical de la familia de los cord\u00f3fonos, es decir los instrumentos que producen su sonido al hacer vibrar las cuerdas. Es un instrumento musical de cuerda pulsada, compuesto de una caja de resonancia, un m\u00e1stil sobre el que va adosado el diapas\u00f3n o trastero. La guitarra cl\u00e1sica o ac\u00fastica es un instrumento de cuerdas ejecutable en casi todos los g\u00e9neros musicales en la actualidad, es un instrumento caracterizado por su versatilidad, aunque siempre mantiene su sonido cl\u00e1sico ac\u00fastico. La guitarra ac\u00fastica para estudiantes de Hendrix es ideal para cualquiera que busque una guitarra atractiva que satisfaga sus necesidades de actuaci\u00f3n en vivo, todo sin un alto coste. Con un tama\u00f1o de 39&#8243;, un puente compensado y atractivo adem\u00e1s de un laminado profesional elevan esta guitarra a tonos m\u00e1s all\u00e1 de su etiqueta de precio.<\/p>","protected":false},"featured_media":439,"template":"","meta":[],"product_brand":[],"product_cat":[75,70],"product_tag":[],"class_list":{"0":"post-452","1":"product","2":"type-product","3":"status-publish","4":"has-post-thumbnail","6":"product_cat-instrumentos","7":"product_cat-musica","9":"first","10":"outofstock","11":"shipping-taxable","12":"purchasable","13":"product-type-simple"},"_links":{"self":[{"href":"https:\/\/musicvision.cl\/es\/wp-json\/wp\/v2\/product\/452","targetHints":{"allow":["GET"]}}],"collection":[{"href":"https:\/\/musicvision.cl\/es\/wp-json\/wp\/v2\/product"}],"about":[{"href":"https:\/\/musicvision.cl\/es\/wp-json\/wp\/v2\/types\/product"}],"wp:featuredmedia":[{"embeddable":true,"href":"https:\/\/musicvision.cl\/es\/wp-json\/wp\/v2\/media\/439"}],"wp:attachment":[{"href":"https:\/\/musicvision.cl\/es\/wp-json\/wp\/v2\/media?parent=452"}],"wp:term":[{"taxonomy":"product_brand","embeddable":true,"href":"https:\/\/musicvision.cl\/es\/wp-json\/wp\/v2\/product_brand?post=452"},{"taxonomy":"product_cat","embeddable":true,"href":"https:\/\/musicvision.cl\/es\/wp-json\/wp\/v2\/product_cat?post=452"},{"taxonomy":"product_tag","embeddable":true,"href":"https:\/\/musicvision.cl\/es\/wp-json\/wp\/v2\/product_tag?post=452"}],"curies":[{"name":"wp","href":"https:\/\/api.w.org\/{rel}","templated":true}]}}