{"id":491,"date":"2025-11-13T13:32:19","date_gmt":"2025-11-13T13:32:19","guid":{"rendered":"https:\/\/musicvision.cl\/?post_type=product&#038;p=491"},"modified":"2025-11-13T13:32:19","modified_gmt":"2025-11-13T13:32:19","slug":"gabinete-gamer-tailgate","status":"publish","type":"product","link":"https:\/\/musicvision.cl\/es\/producto\/gabinete-gamer-tailgate\/","title":{"rendered":"GABINETE GAMER TAILGATE VENTANA LATERAL VIDRIO TEMPLADO GC-702"},"content":{"rendered":"<p>Torre ATX \/ Micro ATX Las tiras RGB del panel frontal se sincronizan con la iluminaci\u00f3n de la placa base Cinco ventiladores RGB preinstalados Paneles frontales y laterales de vidrio templado Dise\u00f1o espacioso para hardware y refrigeraci\u00f3n \u00f3ptimos.<\/p>","protected":false},"excerpt":{"rendered":"<p>Torre ATX \/ Micro ATX Las tiras RGB del panel frontal se sincronizan con la iluminaci\u00f3n de la placa base Cinco ventiladores RGB preinstalados Paneles frontales y laterales de vidrio templado Dise\u00f1o espacioso para hardware y refrigeraci\u00f3n \u00f3ptimos.<\/p>","protected":false},"featured_media":477,"template":"","meta":[],"product_brand":[],"product_cat":[71,69],"product_tag":[],"class_list":{"0":"post-491","1":"product","2":"type-product","3":"status-publish","4":"has-post-thumbnail","6":"product_cat-computacion","7":"product_cat-electronica","9":"first","10":"instock","11":"shipping-taxable","12":"purchasable","13":"product-type-simple"},"_links":{"self":[{"href":"https:\/\/musicvision.cl\/es\/wp-json\/wp\/v2\/product\/491","targetHints":{"allow":["GET"]}}],"collection":[{"href":"https:\/\/musicvision.cl\/es\/wp-json\/wp\/v2\/product"}],"about":[{"href":"https:\/\/musicvision.cl\/es\/wp-json\/wp\/v2\/types\/product"}],"wp:featuredmedia":[{"embeddable":true,"href":"https:\/\/musicvision.cl\/es\/wp-json\/wp\/v2\/media\/477"}],"wp:attachment":[{"href":"https:\/\/musicvision.cl\/es\/wp-json\/wp\/v2\/media?parent=491"}],"wp:term":[{"taxonomy":"product_brand","embeddable":true,"href":"https:\/\/musicvision.cl\/es\/wp-json\/wp\/v2\/product_brand?post=491"},{"taxonomy":"product_cat","embeddable":true,"href":"https:\/\/musicvision.cl\/es\/wp-json\/wp\/v2\/product_cat?post=491"},{"taxonomy":"product_tag","embeddable":true,"href":"https:\/\/musicvision.cl\/es\/wp-json\/wp\/v2\/product_tag?post=491"}],"curies":[{"name":"wp","href":"https:\/\/api.w.org\/{rel}","templated":true}]}}