{"id":492,"date":"2025-11-13T13:35:06","date_gmt":"2025-11-13T13:35:06","guid":{"rendered":"https:\/\/musicvision.cl\/?post_type=product&#038;p=492"},"modified":"2026-01-09T21:05:44","modified_gmt":"2026-01-09T21:05:44","slug":"parlante-kimiso-altavoz-portatil-bt-con-reproductor-usb","status":"publish","type":"product","link":"https:\/\/musicvision.cl\/es\/producto\/parlante-kimiso-altavoz-portatil-bt-con-reproductor-usb\/","title":{"rendered":"PARLANTE KIMISO-Altavoz port\u00e1til BT con reproductor USB"},"content":{"rendered":"<p>Altavoz inal\u00e1mbrico de 4 pulgadas para karaoke al aire libre de buena calidad con bater\u00eda recargable.<\/p>","protected":false},"excerpt":{"rendered":"<p>Altavoz inal\u00e1mbrico de 4 pulgadas para karaoke al aire libre de buena calidad con bater\u00eda recargable.<\/p>","protected":false},"featured_media":483,"template":"","meta":[],"product_brand":[],"product_cat":[68,69],"product_tag":[],"class_list":{"0":"post-492","1":"product","2":"type-product","3":"status-publish","4":"has-post-thumbnail","6":"product_cat-audio","7":"product_cat-electronica","9":"first","10":"outofstock","11":"shipping-taxable","12":"purchasable","13":"product-type-simple"},"_links":{"self":[{"href":"https:\/\/musicvision.cl\/es\/wp-json\/wp\/v2\/product\/492","targetHints":{"allow":["GET"]}}],"collection":[{"href":"https:\/\/musicvision.cl\/es\/wp-json\/wp\/v2\/product"}],"about":[{"href":"https:\/\/musicvision.cl\/es\/wp-json\/wp\/v2\/types\/product"}],"wp:featuredmedia":[{"embeddable":true,"href":"https:\/\/musicvision.cl\/es\/wp-json\/wp\/v2\/media\/483"}],"wp:attachment":[{"href":"https:\/\/musicvision.cl\/es\/wp-json\/wp\/v2\/media?parent=492"}],"wp:term":[{"taxonomy":"product_brand","embeddable":true,"href":"https:\/\/musicvision.cl\/es\/wp-json\/wp\/v2\/product_brand?post=492"},{"taxonomy":"product_cat","embeddable":true,"href":"https:\/\/musicvision.cl\/es\/wp-json\/wp\/v2\/product_cat?post=492"},{"taxonomy":"product_tag","embeddable":true,"href":"https:\/\/musicvision.cl\/es\/wp-json\/wp\/v2\/product_tag?post=492"}],"curies":[{"name":"wp","href":"https:\/\/api.w.org\/{rel}","templated":true}]}}