{"id":494,"date":"2025-11-13T13:44:15","date_gmt":"2025-11-13T13:44:15","guid":{"rendered":"https:\/\/musicvision.cl\/?post_type=product&#038;p=494"},"modified":"2026-01-09T21:02:26","modified_gmt":"2026-01-09T21:02:26","slug":"afinador-pinza-mini-clip","status":"publish","type":"product","link":"https:\/\/musicvision.cl\/es\/producto\/afinador-pinza-mini-clip\/","title":{"rendered":"AFINADOR PINZA MINI-CLIP CROMATICO NUTECH"},"content":{"rendered":"<p>Descubre el Afinador Pinza Mini-clip Crom\u00e1tico Nutech &#8211; 4988, una herramienta esencial para m\u00fasicos de todos los niveles. Este afinador inteligente, con un dise\u00f1o compacto y ligero de solo 50 g, es perfecto para llevar a cualquier lugar. Su rango de sinton\u00eda abarca desde 27.5 Hz hasta 1760 Hz, lo que lo convierte en una opci\u00f3n vers\u00e1til para diferentes instrumentos.<\/p>","protected":false},"excerpt":{"rendered":"<p>Descubre el Afinador Pinza Mini-clip Crom\u00e1tico Nutech &#8211; 4988, una herramienta esencial para m\u00fasicos de todos los niveles. Este afinador inteligente, con un dise\u00f1o compacto y ligero de solo 50 g, es perfecto para llevar a cualquier lugar. Su rango de sinton\u00eda abarca desde 27.5 Hz hasta 1760 Hz, lo que lo convierte en una opci\u00f3n vers\u00e1til para diferentes instrumentos.<\/p>","protected":false},"featured_media":457,"template":"","meta":[],"product_brand":[],"product_cat":[69,75,70],"product_tag":[],"class_list":{"0":"post-494","1":"product","2":"type-product","3":"status-publish","4":"has-post-thumbnail","6":"product_cat-electronica","7":"product_cat-instrumentos","8":"product_cat-musica","10":"first","11":"instock","12":"shipping-taxable","13":"purchasable","14":"product-type-simple"},"_links":{"self":[{"href":"https:\/\/musicvision.cl\/es\/wp-json\/wp\/v2\/product\/494","targetHints":{"allow":["GET"]}}],"collection":[{"href":"https:\/\/musicvision.cl\/es\/wp-json\/wp\/v2\/product"}],"about":[{"href":"https:\/\/musicvision.cl\/es\/wp-json\/wp\/v2\/types\/product"}],"wp:featuredmedia":[{"embeddable":true,"href":"https:\/\/musicvision.cl\/es\/wp-json\/wp\/v2\/media\/457"}],"wp:attachment":[{"href":"https:\/\/musicvision.cl\/es\/wp-json\/wp\/v2\/media?parent=494"}],"wp:term":[{"taxonomy":"product_brand","embeddable":true,"href":"https:\/\/musicvision.cl\/es\/wp-json\/wp\/v2\/product_brand?post=494"},{"taxonomy":"product_cat","embeddable":true,"href":"https:\/\/musicvision.cl\/es\/wp-json\/wp\/v2\/product_cat?post=494"},{"taxonomy":"product_tag","embeddable":true,"href":"https:\/\/musicvision.cl\/es\/wp-json\/wp\/v2\/product_tag?post=494"}],"curies":[{"name":"wp","href":"https:\/\/api.w.org\/{rel}","templated":true}]}}