{"id":495,"date":"2025-11-13T13:48:31","date_gmt":"2025-11-13T13:48:31","guid":{"rendered":"https:\/\/musicvision.cl\/?post_type=product&#038;p=495"},"modified":"2026-01-09T21:00:36","modified_gmt":"2026-01-09T21:00:36","slug":"afinador-cromatico-pinza-joyo","status":"publish","type":"product","link":"https:\/\/musicvision.cl\/es\/producto\/afinador-cromatico-pinza-joyo\/","title":{"rendered":"AFINADOR CROMATICO PINZA JOYO"},"content":{"rendered":"<p>F\u00e1cil ajuste en entornos ruidosos. Dise\u00f1o ajustable a 360\u00b0, satisface mejor tus necesidades. Gran pantalla LCD colorida, excelente visibilidad. El \u00faltimo sintonizador Joyo chip de actualizaci\u00f3n, m\u00e1s preciso y sensible. Bot\u00f3n 3 en 1, encendido\/apagado y interruptor de modo en 1 bot\u00f3n, f\u00e1cil de usar.<br \/>\nSe apaga autom\u00e1ticamente para que no se detecte se\u00f1al durante 3 minutos para ahorrar energ\u00eda y prolongar la duraci\u00f3n de la bater\u00eda. Clips de goma suave que se sujetan firmemente, no se caen f\u00e1cilmente, protegiendo mejor tu instrumento. Pantalla transparente: en modo crom\u00e1tico, muestra el nombre de la nota. En los modos de guitarra, bajo, viol\u00edn y ukelele, la pantalla muestra el n\u00famero de cadena y el nombre de la nota.<\/p>","protected":false},"excerpt":{"rendered":"<p>F\u00e1cil ajuste en entornos ruidosos. Dise\u00f1o ajustable a 360\u00b0, satisface mejor tus necesidades. Gran pantalla LCD colorida, excelente visibilidad. El \u00faltimo sintonizador Joyo chip de actualizaci\u00f3n, m\u00e1s preciso y sensible. Bot\u00f3n 3 en 1, encendido\/apagado y interruptor de modo en 1 bot\u00f3n, f\u00e1cil de usar.<\/p>","protected":false},"featured_media":456,"template":"","meta":[],"product_brand":[],"product_cat":[69,75,70],"product_tag":[],"class_list":{"0":"post-495","1":"product","2":"type-product","3":"status-publish","4":"has-post-thumbnail","6":"product_cat-electronica","7":"product_cat-instrumentos","8":"product_cat-musica","10":"first","11":"outofstock","12":"shipping-taxable","13":"purchasable","14":"product-type-simple"},"_links":{"self":[{"href":"https:\/\/musicvision.cl\/es\/wp-json\/wp\/v2\/product\/495","targetHints":{"allow":["GET"]}}],"collection":[{"href":"https:\/\/musicvision.cl\/es\/wp-json\/wp\/v2\/product"}],"about":[{"href":"https:\/\/musicvision.cl\/es\/wp-json\/wp\/v2\/types\/product"}],"wp:featuredmedia":[{"embeddable":true,"href":"https:\/\/musicvision.cl\/es\/wp-json\/wp\/v2\/media\/456"}],"wp:attachment":[{"href":"https:\/\/musicvision.cl\/es\/wp-json\/wp\/v2\/media?parent=495"}],"wp:term":[{"taxonomy":"product_brand","embeddable":true,"href":"https:\/\/musicvision.cl\/es\/wp-json\/wp\/v2\/product_brand?post=495"},{"taxonomy":"product_cat","embeddable":true,"href":"https:\/\/musicvision.cl\/es\/wp-json\/wp\/v2\/product_cat?post=495"},{"taxonomy":"product_tag","embeddable":true,"href":"https:\/\/musicvision.cl\/es\/wp-json\/wp\/v2\/product_tag?post=495"}],"curies":[{"name":"wp","href":"https:\/\/api.w.org\/{rel}","templated":true}]}}