{"id":496,"date":"2025-11-13T13:52:25","date_gmt":"2025-11-13T13:52:25","guid":{"rendered":"https:\/\/musicvision.cl\/?post_type=product&#038;p=496"},"modified":"2026-01-09T20:59:08","modified_gmt":"2026-01-09T20:59:08","slug":"cuerdas-clasicas-ernesto-palla-ernie-ball","status":"publish","type":"product","link":"https:\/\/musicvision.cl\/es\/producto\/cuerdas-clasicas-ernesto-palla-ernie-ball\/","title":{"rendered":"CUERDAS CLASICAS ERNESTO PALLA  ERNIE BALL"},"content":{"rendered":"<p>Las cuerdas de guitarra cl\u00e1sica de concierto Ernie Ball Ernesto Palla est\u00e1n fabricadas con monofilamento de nylon transparente. Las cuerdas entorchadas consisten en cobre niquelado envuelto alrededor de un n\u00facleo multifilamento de nylon, ofreciendo un tono rico y suave. Todas las cuerdas Ernie Ball son producidas con precisi\u00f3n siguiendo los est\u00e1ndares m\u00e1s altos para asegurar consistencia, rendimiento \u00f3ptimo y durabilidad.<\/p>","protected":false},"excerpt":{"rendered":"<p>Las cuerdas de guitarra cl\u00e1sica de concierto Ernie Ball Ernesto Palla est\u00e1n fabricadas con monofilamento de nylon transparente. Las cuerdas entorchadas consisten en cobre niquelado envuelto alrededor de un n\u00facleo multifilamento de nylon, ofreciendo un tono rico y suave. Todas las cuerdas Ernie Ball son producidas con precisi\u00f3n siguiendo los est\u00e1ndares m\u00e1s altos para asegurar consistencia, rendimiento \u00f3ptimo y durabilidad.<\/p>","protected":false},"featured_media":469,"template":"","meta":[],"product_brand":[],"product_cat":[72,75,70],"product_tag":[],"class_list":{"0":"post-496","1":"product","2":"type-product","3":"status-publish","4":"has-post-thumbnail","6":"product_cat-cuerdas","7":"product_cat-instrumentos","8":"product_cat-musica","10":"first","11":"outofstock","12":"shipping-taxable","13":"purchasable","14":"product-type-simple"},"_links":{"self":[{"href":"https:\/\/musicvision.cl\/es\/wp-json\/wp\/v2\/product\/496","targetHints":{"allow":["GET"]}}],"collection":[{"href":"https:\/\/musicvision.cl\/es\/wp-json\/wp\/v2\/product"}],"about":[{"href":"https:\/\/musicvision.cl\/es\/wp-json\/wp\/v2\/types\/product"}],"wp:featuredmedia":[{"embeddable":true,"href":"https:\/\/musicvision.cl\/es\/wp-json\/wp\/v2\/media\/469"}],"wp:attachment":[{"href":"https:\/\/musicvision.cl\/es\/wp-json\/wp\/v2\/media?parent=496"}],"wp:term":[{"taxonomy":"product_brand","embeddable":true,"href":"https:\/\/musicvision.cl\/es\/wp-json\/wp\/v2\/product_brand?post=496"},{"taxonomy":"product_cat","embeddable":true,"href":"https:\/\/musicvision.cl\/es\/wp-json\/wp\/v2\/product_cat?post=496"},{"taxonomy":"product_tag","embeddable":true,"href":"https:\/\/musicvision.cl\/es\/wp-json\/wp\/v2\/product_tag?post=496"}],"curies":[{"name":"wp","href":"https:\/\/api.w.org\/{rel}","templated":true}]}}