{"id":497,"date":"2025-11-13T13:57:24","date_gmt":"2025-11-13T13:57:24","guid":{"rendered":"https:\/\/musicvision.cl\/?post_type=product&#038;p=497"},"modified":"2026-01-09T20:55:02","modified_gmt":"2026-01-09T20:55:02","slug":"cuerdas-clasicas-hendrix","status":"publish","type":"product","link":"https:\/\/musicvision.cl\/es\/producto\/cuerdas-clasicas-hendrix\/","title":{"rendered":"CUERDAS CLASICAS  HENDRIX"},"content":{"rendered":"<p>Cuerdas Hendrix para Guitarras Cl\u00e1sicas est\u00e1n realizadas con materiales de \u00faltima generaci\u00f3n. Tienen un n\u00facleo Interno hecho de Nylon de Cristal de gran calidad y son compatibles con las mayor\u00edas de las guitarras cl\u00e1sicas del Mercado. El material exterior es de gran calidad y cuenta con un recubrimiento de cobre Electro-Plateado de alta duraci\u00f3n lo qu\u00e9 otorga un sonido claro, puro y de calidad. Las cuerdas Hendrix fueron altamente probadas por un grupo variado de guitarristas y especialistas. Est\u00e1n orientada para una amplia variedad de guitarras y es adecuada para diferentes estilos musicales.<\/p>","protected":false},"excerpt":{"rendered":"<p>Cuerdas Hendrix para Guitarras Cl\u00e1sicas est\u00e1n realizadas con materiales de \u00faltima generaci\u00f3n. Tienen un n\u00facleo Interno hecho de Nylon de Cristal de gran calidad y son compatibles con las mayor\u00edas de las guitarras cl\u00e1sicas del Mercado.<\/p>","protected":false},"featured_media":468,"template":"","meta":[],"product_brand":[],"product_cat":[72,75,70],"product_tag":[],"class_list":{"0":"post-497","1":"product","2":"type-product","3":"status-publish","4":"has-post-thumbnail","6":"product_cat-cuerdas","7":"product_cat-instrumentos","8":"product_cat-musica","10":"first","11":"outofstock","12":"shipping-taxable","13":"purchasable","14":"product-type-simple"},"_links":{"self":[{"href":"https:\/\/musicvision.cl\/es\/wp-json\/wp\/v2\/product\/497","targetHints":{"allow":["GET"]}}],"collection":[{"href":"https:\/\/musicvision.cl\/es\/wp-json\/wp\/v2\/product"}],"about":[{"href":"https:\/\/musicvision.cl\/es\/wp-json\/wp\/v2\/types\/product"}],"wp:featuredmedia":[{"embeddable":true,"href":"https:\/\/musicvision.cl\/es\/wp-json\/wp\/v2\/media\/468"}],"wp:attachment":[{"href":"https:\/\/musicvision.cl\/es\/wp-json\/wp\/v2\/media?parent=497"}],"wp:term":[{"taxonomy":"product_brand","embeddable":true,"href":"https:\/\/musicvision.cl\/es\/wp-json\/wp\/v2\/product_brand?post=497"},{"taxonomy":"product_cat","embeddable":true,"href":"https:\/\/musicvision.cl\/es\/wp-json\/wp\/v2\/product_cat?post=497"},{"taxonomy":"product_tag","embeddable":true,"href":"https:\/\/musicvision.cl\/es\/wp-json\/wp\/v2\/product_tag?post=497"}],"curies":[{"name":"wp","href":"https:\/\/api.w.org\/{rel}","templated":true}]}}