{"id":499,"date":"2025-11-13T14:06:12","date_gmt":"2025-11-13T14:06:12","guid":{"rendered":"https:\/\/musicvision.cl\/?post_type=product&#038;p=499"},"modified":"2025-11-14T00:37:37","modified_gmt":"2025-11-14T00:37:37","slug":"cuerdas-guitarra-electrica-ernie-ball-regular-slinky-10-46","status":"publish","type":"product","link":"https:\/\/musicvision.cl\/es\/producto\/cuerdas-guitarra-electrica-ernie-ball-regular-slinky-10-46\/","title":{"rendered":"Cuerdas Guitarra El\u00e9ctrica Ernie Ball Regular Slinky 10-46"},"content":{"rendered":"<p>Las cuerdas para guitarra el\u00e9ctrica Ernie Ball Nickel Wound est\u00e1n hechas de alambre de acero niquelado envuelto alrededor de un alambre con n\u00facleo de acero con forma hexagonal esta\u00f1ado. Las cuerdas lisas est\u00e1n hechas de acero de alto carbono esta\u00f1ado especialmente templado que produce un tono bien equilibrado para su guitarra.<\/p>","protected":false},"excerpt":{"rendered":"<p>Las cuerdas para guitarra el\u00e9ctrica Ernie Ball Nickel Wound est\u00e1n hechas de alambre de acero niquelado envuelto alrededor de un alambre con n\u00facleo de acero con forma hexagonal esta\u00f1ado. Las cuerdas lisas est\u00e1n hechas de acero de alto carbono esta\u00f1ado especialmente templado que produce un tono bien equilibrado para su guitarra.<\/p>","protected":false},"featured_media":475,"template":"","meta":[],"product_brand":[],"product_cat":[72,75,70],"product_tag":[],"class_list":{"0":"post-499","1":"product","2":"type-product","3":"status-publish","4":"has-post-thumbnail","6":"product_cat-cuerdas","7":"product_cat-instrumentos","8":"product_cat-musica","10":"first","11":"instock","12":"shipping-taxable","13":"purchasable","14":"product-type-simple"},"_links":{"self":[{"href":"https:\/\/musicvision.cl\/es\/wp-json\/wp\/v2\/product\/499","targetHints":{"allow":["GET"]}}],"collection":[{"href":"https:\/\/musicvision.cl\/es\/wp-json\/wp\/v2\/product"}],"about":[{"href":"https:\/\/musicvision.cl\/es\/wp-json\/wp\/v2\/types\/product"}],"wp:featuredmedia":[{"embeddable":true,"href":"https:\/\/musicvision.cl\/es\/wp-json\/wp\/v2\/media\/475"}],"wp:attachment":[{"href":"https:\/\/musicvision.cl\/es\/wp-json\/wp\/v2\/media?parent=499"}],"wp:term":[{"taxonomy":"product_brand","embeddable":true,"href":"https:\/\/musicvision.cl\/es\/wp-json\/wp\/v2\/product_brand?post=499"},{"taxonomy":"product_cat","embeddable":true,"href":"https:\/\/musicvision.cl\/es\/wp-json\/wp\/v2\/product_cat?post=499"},{"taxonomy":"product_tag","embeddable":true,"href":"https:\/\/musicvision.cl\/es\/wp-json\/wp\/v2\/product_tag?post=499"}],"curies":[{"name":"wp","href":"https:\/\/api.w.org\/{rel}","templated":true}]}}