{"id":503,"date":"2025-11-13T14:20:31","date_gmt":"2025-11-13T14:20:31","guid":{"rendered":"https:\/\/musicvision.cl\/?post_type=product&#038;p=503"},"modified":"2025-11-14T00:33:07","modified_gmt":"2025-11-14T00:33:07","slug":"cuerdas-acusticas-metalicas-giannini","status":"publish","type":"product","link":"https:\/\/musicvision.cl\/es\/producto\/cuerdas-acusticas-metalicas-giannini\/","title":{"rendered":"CUERDAS ACUSTICAS METALICAS GIANNINI"},"content":{"rendered":"<p>El set de cuerdas para guitarra ac\u00fastica Giannini est\u00e1 dise\u00f1ado para ofrecer una excelente opci\u00f3n para m\u00fasicos de todos los niveles que buscan un tono c\u00e1lido y duradero. Es ideal para guitarristas ac\u00fasticos que desean un set de cuerdas con una buena relaci\u00f3n calidad-precio.<\/p>","protected":false},"excerpt":{"rendered":"<p>El set de cuerdas para guitarra ac\u00fastica Giannini est\u00e1 dise\u00f1ado para ofrecer una excelente opci\u00f3n para m\u00fasicos de todos los niveles que buscan un tono c\u00e1lido y duradero. Es ideal para guitarristas ac\u00fasticos que desean un set de cuerdas con una buena relaci\u00f3n calidad-precio.<\/p>","protected":false},"featured_media":467,"template":"","meta":[],"product_brand":[],"product_cat":[72,75,70],"product_tag":[],"class_list":{"0":"post-503","1":"product","2":"type-product","3":"status-publish","4":"has-post-thumbnail","6":"product_cat-cuerdas","7":"product_cat-instrumentos","8":"product_cat-musica","10":"first","11":"instock","12":"shipping-taxable","13":"purchasable","14":"product-type-simple"},"_links":{"self":[{"href":"https:\/\/musicvision.cl\/es\/wp-json\/wp\/v2\/product\/503","targetHints":{"allow":["GET"]}}],"collection":[{"href":"https:\/\/musicvision.cl\/es\/wp-json\/wp\/v2\/product"}],"about":[{"href":"https:\/\/musicvision.cl\/es\/wp-json\/wp\/v2\/types\/product"}],"wp:featuredmedia":[{"embeddable":true,"href":"https:\/\/musicvision.cl\/es\/wp-json\/wp\/v2\/media\/467"}],"wp:attachment":[{"href":"https:\/\/musicvision.cl\/es\/wp-json\/wp\/v2\/media?parent=503"}],"wp:term":[{"taxonomy":"product_brand","embeddable":true,"href":"https:\/\/musicvision.cl\/es\/wp-json\/wp\/v2\/product_brand?post=503"},{"taxonomy":"product_cat","embeddable":true,"href":"https:\/\/musicvision.cl\/es\/wp-json\/wp\/v2\/product_cat?post=503"},{"taxonomy":"product_tag","embeddable":true,"href":"https:\/\/musicvision.cl\/es\/wp-json\/wp\/v2\/product_tag?post=503"}],"curies":[{"name":"wp","href":"https:\/\/api.w.org\/{rel}","templated":true}]}}