{"id":504,"date":"2025-11-13T14:22:52","date_gmt":"2025-11-13T14:22:52","guid":{"rendered":"https:\/\/musicvision.cl\/?post_type=product&#038;p=504"},"modified":"2026-01-09T20:49:37","modified_gmt":"2026-01-09T20:49:37","slug":"cuerdas-electrica-magma","status":"publish","type":"product","link":"https:\/\/musicvision.cl\/es\/producto\/cuerdas-electrica-magma\/","title":{"rendered":"CUERDAS ELECTRICA  MAGMA"},"content":{"rendered":"<p>El set de cuerdas Magma GE-140N es una opci\u00f3n confiable para guitarras el\u00e9ctricas, conocida por ofrecer un sonido equilibrado y una excelente relaci\u00f3n calidad-precio. Estas cuerdas est\u00e1n dise\u00f1adas para m\u00fasicos que buscan un tono brillante y duradero.<\/p>","protected":false},"excerpt":{"rendered":"<p>El set de cuerdas Magma GE-140N es una opci\u00f3n confiable para guitarras el\u00e9ctricas, conocida por ofrecer un sonido equilibrado y una excelente relaci\u00f3n calidad-precio. Estas cuerdas est\u00e1n dise\u00f1adas para m\u00fasicos que buscan un tono brillante y duradero.<\/p>","protected":false},"featured_media":474,"template":"","meta":[],"product_brand":[],"product_cat":[72,75,70],"product_tag":[],"class_list":{"0":"post-504","1":"product","2":"type-product","3":"status-publish","4":"has-post-thumbnail","6":"product_cat-cuerdas","7":"product_cat-instrumentos","8":"product_cat-musica","10":"first","11":"outofstock","12":"shipping-taxable","13":"purchasable","14":"product-type-simple"},"_links":{"self":[{"href":"https:\/\/musicvision.cl\/es\/wp-json\/wp\/v2\/product\/504","targetHints":{"allow":["GET"]}}],"collection":[{"href":"https:\/\/musicvision.cl\/es\/wp-json\/wp\/v2\/product"}],"about":[{"href":"https:\/\/musicvision.cl\/es\/wp-json\/wp\/v2\/types\/product"}],"wp:featuredmedia":[{"embeddable":true,"href":"https:\/\/musicvision.cl\/es\/wp-json\/wp\/v2\/media\/474"}],"wp:attachment":[{"href":"https:\/\/musicvision.cl\/es\/wp-json\/wp\/v2\/media?parent=504"}],"wp:term":[{"taxonomy":"product_brand","embeddable":true,"href":"https:\/\/musicvision.cl\/es\/wp-json\/wp\/v2\/product_brand?post=504"},{"taxonomy":"product_cat","embeddable":true,"href":"https:\/\/musicvision.cl\/es\/wp-json\/wp\/v2\/product_cat?post=504"},{"taxonomy":"product_tag","embeddable":true,"href":"https:\/\/musicvision.cl\/es\/wp-json\/wp\/v2\/product_tag?post=504"}],"curies":[{"name":"wp","href":"https:\/\/api.w.org\/{rel}","templated":true}]}}