{"id":505,"date":"2025-11-13T14:25:22","date_gmt":"2025-11-13T14:25:22","guid":{"rendered":"https:\/\/musicvision.cl\/?post_type=product&#038;p=505"},"modified":"2026-01-09T20:47:13","modified_gmt":"2026-01-09T20:47:13","slug":"cable-instrumento-3-mts-kirlin-ipcv241-3m","status":"publish","type":"product","link":"https:\/\/musicvision.cl\/es\/producto\/cable-instrumento-3-mts-kirlin-ipcv241-3m\/","title":{"rendered":"Cable Instrumento 3 Mts Kirlin Ipcv241-3m"},"content":{"rendered":"<p>Cable Guitarra-Bajo. Marca: Kirlin. Color: Negro. Modelo: IPCV241-3M. Conductor CCAM aleaci\u00f3n de cobre revestido de aluminio y magnesio. Conectores de n\u00edquel. Conexi\u00f3n Plug Recto &#8211; Plug Recto 6.3 mm. Largo: 3 metros.<\/p>","protected":false},"excerpt":{"rendered":"<p>Cable Guitarra-Bajo. Marca: Kirlin. Color: Negro. Modelo: IPCV241-3M. Conductor CCAM aleaci\u00f3n de cobre revestido de aluminio y magnesio. Conectores de n\u00edquel. Conexi\u00f3n Plug Recto &#8211; Plug Recto 6.3 mm. Largo: 3 metros.<\/p>","protected":false},"featured_media":461,"template":"","meta":[],"product_brand":[],"product_cat":[68,75,70],"product_tag":[],"class_list":{"0":"post-505","1":"product","2":"type-product","3":"status-publish","4":"has-post-thumbnail","6":"product_cat-audio","7":"product_cat-instrumentos","8":"product_cat-musica","10":"first","11":"outofstock","12":"shipping-taxable","13":"purchasable","14":"product-type-simple"},"_links":{"self":[{"href":"https:\/\/musicvision.cl\/es\/wp-json\/wp\/v2\/product\/505","targetHints":{"allow":["GET"]}}],"collection":[{"href":"https:\/\/musicvision.cl\/es\/wp-json\/wp\/v2\/product"}],"about":[{"href":"https:\/\/musicvision.cl\/es\/wp-json\/wp\/v2\/types\/product"}],"wp:featuredmedia":[{"embeddable":true,"href":"https:\/\/musicvision.cl\/es\/wp-json\/wp\/v2\/media\/461"}],"wp:attachment":[{"href":"https:\/\/musicvision.cl\/es\/wp-json\/wp\/v2\/media?parent=505"}],"wp:term":[{"taxonomy":"product_brand","embeddable":true,"href":"https:\/\/musicvision.cl\/es\/wp-json\/wp\/v2\/product_brand?post=505"},{"taxonomy":"product_cat","embeddable":true,"href":"https:\/\/musicvision.cl\/es\/wp-json\/wp\/v2\/product_cat?post=505"},{"taxonomy":"product_tag","embeddable":true,"href":"https:\/\/musicvision.cl\/es\/wp-json\/wp\/v2\/product_tag?post=505"}],"curies":[{"name":"wp","href":"https:\/\/api.w.org\/{rel}","templated":true}]}}