{"id":506,"date":"2025-11-13T14:30:58","date_gmt":"2025-11-13T14:30:58","guid":{"rendered":"https:\/\/musicvision.cl\/?post_type=product&#038;p=506"},"modified":"2026-01-09T20:45:56","modified_gmt":"2026-01-09T20:45:56","slug":"cable-para-microfono-xlr-xlr","status":"publish","type":"product","link":"https:\/\/musicvision.cl\/es\/producto\/cable-para-microfono-xlr-xlr\/","title":{"rendered":"Cable Para Micr\u00f3fono Xlr-xlr Balanceado 6 Metros Kirlin"},"content":{"rendered":"<p>Conectores XLR macho en ambos extremos para durabilidad. o Di\u00e1metro de 5 cm que garantiza resistencia y flexibilidad. o Revestimiento de lat\u00f3n niquelado para m\u00e1xima conductividad y menor corrosi\u00f3n.<\/p>","protected":false},"excerpt":{"rendered":"<p>Conectores XLR macho en ambos extremos para durabilidad. o Di\u00e1metro de 5 cm que garantiza resistencia y flexibilidad. o Revestimiento de lat\u00f3n niquelado para m\u00e1xima conductividad y menor corrosi\u00f3n.<\/p>","protected":false},"featured_media":463,"template":"","meta":[],"product_brand":[],"product_cat":[68,75,70],"product_tag":[],"class_list":{"0":"post-506","1":"product","2":"type-product","3":"status-publish","4":"has-post-thumbnail","6":"product_cat-audio","7":"product_cat-instrumentos","8":"product_cat-musica","10":"first","11":"instock","12":"shipping-taxable","13":"purchasable","14":"product-type-simple"},"_links":{"self":[{"href":"https:\/\/musicvision.cl\/es\/wp-json\/wp\/v2\/product\/506","targetHints":{"allow":["GET"]}}],"collection":[{"href":"https:\/\/musicvision.cl\/es\/wp-json\/wp\/v2\/product"}],"about":[{"href":"https:\/\/musicvision.cl\/es\/wp-json\/wp\/v2\/types\/product"}],"wp:featuredmedia":[{"embeddable":true,"href":"https:\/\/musicvision.cl\/es\/wp-json\/wp\/v2\/media\/463"}],"wp:attachment":[{"href":"https:\/\/musicvision.cl\/es\/wp-json\/wp\/v2\/media?parent=506"}],"wp:term":[{"taxonomy":"product_brand","embeddable":true,"href":"https:\/\/musicvision.cl\/es\/wp-json\/wp\/v2\/product_brand?post=506"},{"taxonomy":"product_cat","embeddable":true,"href":"https:\/\/musicvision.cl\/es\/wp-json\/wp\/v2\/product_cat?post=506"},{"taxonomy":"product_tag","embeddable":true,"href":"https:\/\/musicvision.cl\/es\/wp-json\/wp\/v2\/product_tag?post=506"}],"curies":[{"name":"wp","href":"https:\/\/api.w.org\/{rel}","templated":true}]}}