{"id":507,"date":"2025-11-13T20:16:33","date_gmt":"2025-11-13T20:16:33","guid":{"rendered":"https:\/\/musicvision.cl\/?post_type=product&#038;p=507"},"modified":"2026-01-09T20:44:15","modified_gmt":"2026-01-09T20:44:15","slug":"capodastro-nutech-guitarra-clasica-4990","status":"publish","type":"product","link":"https:\/\/musicvision.cl\/es\/producto\/capodastro-nutech-guitarra-clasica-4990\/","title":{"rendered":"Capodastro Nutech Guitarra Cl\u00e1sica 4990"},"content":{"rendered":"<p>Ideal para guitarras cl\u00e1sicas. F\u00e1cil ajuste y colocaci\u00f3n. Mejora la afinaci\u00f3n y rendimiento sonoro.<\/p>","protected":false},"excerpt":{"rendered":"<p>Ideal para guitarras cl\u00e1sicas. F\u00e1cil ajuste y colocaci\u00f3n. Mejora la afinaci\u00f3n y rendimiento sonoro.<\/p>","protected":false},"featured_media":513,"template":"","meta":[],"product_brand":[],"product_cat":[72,75,70],"product_tag":[],"class_list":{"0":"post-507","1":"product","2":"type-product","3":"status-publish","4":"has-post-thumbnail","6":"product_cat-cuerdas","7":"product_cat-instrumentos","8":"product_cat-musica","10":"first","11":"instock","12":"shipping-taxable","13":"purchasable","14":"product-type-simple"},"_links":{"self":[{"href":"https:\/\/musicvision.cl\/es\/wp-json\/wp\/v2\/product\/507","targetHints":{"allow":["GET"]}}],"collection":[{"href":"https:\/\/musicvision.cl\/es\/wp-json\/wp\/v2\/product"}],"about":[{"href":"https:\/\/musicvision.cl\/es\/wp-json\/wp\/v2\/types\/product"}],"wp:featuredmedia":[{"embeddable":true,"href":"https:\/\/musicvision.cl\/es\/wp-json\/wp\/v2\/media\/513"}],"wp:attachment":[{"href":"https:\/\/musicvision.cl\/es\/wp-json\/wp\/v2\/media?parent=507"}],"wp:term":[{"taxonomy":"product_brand","embeddable":true,"href":"https:\/\/musicvision.cl\/es\/wp-json\/wp\/v2\/product_brand?post=507"},{"taxonomy":"product_cat","embeddable":true,"href":"https:\/\/musicvision.cl\/es\/wp-json\/wp\/v2\/product_cat?post=507"},{"taxonomy":"product_tag","embeddable":true,"href":"https:\/\/musicvision.cl\/es\/wp-json\/wp\/v2\/product_tag?post=507"}],"curies":[{"name":"wp","href":"https:\/\/api.w.org\/{rel}","templated":true}]}}