{"id":530,"date":"2025-11-13T20:21:25","date_gmt":"2025-11-13T20:21:25","guid":{"rendered":"https:\/\/musicvision.cl\/?post_type=product&#038;p=530"},"modified":"2026-01-09T20:42:07","modified_gmt":"2026-01-09T20:42:07","slug":"flauta-dulce-generica","status":"publish","type":"product","link":"https:\/\/musicvision.cl\/es\/producto\/flauta-dulce-generica\/","title":{"rendered":"Flauta Dulce Gen\u00e9rica Con Limpiador Para Ni\u00f1os Beige"},"content":{"rendered":"<p>Sum\u00e9rgete en el mundo de la m\u00fasica con esta Flauta, un instrumento de alta calidad dise\u00f1ado para principiantes. Su color vibrante no solo atrae la atenci\u00f3n, sino que tambi\u00e9n a\u00f1ade un toque de alegr\u00eda a tus sesiones de pr\u00e1ctica.<\/p>","protected":false},"excerpt":{"rendered":"<p>Sum\u00e9rgete en el mundo de la m\u00fasica con esta Flauta, un instrumento de alta calidad dise\u00f1ado para principiantes. Su color vibrante no solo atrae la atenci\u00f3n, sino que tambi\u00e9n a\u00f1ade un toque de alegr\u00eda a tus sesiones de pr\u00e1ctica.<\/p>","protected":false},"featured_media":515,"template":"","meta":[],"product_brand":[],"product_cat":[75,70],"product_tag":[],"class_list":{"0":"post-530","1":"product","2":"type-product","3":"status-publish","4":"has-post-thumbnail","6":"product_cat-instrumentos","7":"product_cat-musica","9":"first","10":"instock","11":"shipping-taxable","12":"purchasable","13":"product-type-simple"},"_links":{"self":[{"href":"https:\/\/musicvision.cl\/es\/wp-json\/wp\/v2\/product\/530","targetHints":{"allow":["GET"]}}],"collection":[{"href":"https:\/\/musicvision.cl\/es\/wp-json\/wp\/v2\/product"}],"about":[{"href":"https:\/\/musicvision.cl\/es\/wp-json\/wp\/v2\/types\/product"}],"wp:featuredmedia":[{"embeddable":true,"href":"https:\/\/musicvision.cl\/es\/wp-json\/wp\/v2\/media\/515"}],"wp:attachment":[{"href":"https:\/\/musicvision.cl\/es\/wp-json\/wp\/v2\/media?parent=530"}],"wp:term":[{"taxonomy":"product_brand","embeddable":true,"href":"https:\/\/musicvision.cl\/es\/wp-json\/wp\/v2\/product_brand?post=530"},{"taxonomy":"product_cat","embeddable":true,"href":"https:\/\/musicvision.cl\/es\/wp-json\/wp\/v2\/product_cat?post=530"},{"taxonomy":"product_tag","embeddable":true,"href":"https:\/\/musicvision.cl\/es\/wp-json\/wp\/v2\/product_tag?post=530"}],"curies":[{"name":"wp","href":"https:\/\/api.w.org\/{rel}","templated":true}]}}