{"id":534,"date":"2025-11-13T20:28:17","date_gmt":"2025-11-13T20:28:17","guid":{"rendered":"https:\/\/musicvision.cl\/?post_type=product&#038;p=534"},"modified":"2026-01-09T20:20:09","modified_gmt":"2026-01-09T20:20:09","slug":"camara-ip-ptz-movimiento-infrarrojo","status":"publish","type":"product","link":"https:\/\/musicvision.cl\/es\/producto\/camara-ip-ptz-movimiento-infrarrojo\/","title":{"rendered":"C\u00e1mara Ip Ptz Movimiento Infrarrojo Impermeable Wifi Philco Color Blanco"},"content":{"rendered":"<p>Ya no tendr\u00e1s que preocuparte por la vigilancia de tu casa o negocio. Con la c\u00e1mara Philco tendr\u00e1s un mayor control sobre los espacios y seguridad las 24 horas.<\/p>","protected":false},"excerpt":{"rendered":"<p>Ya no tendr\u00e1s que preocuparte por la vigilancia de tu casa o negocio. Con la c\u00e1mara Philco tendr\u00e1s un mayor control sobre los espacios y seguridad las 24 horas.<\/p>","protected":false},"featured_media":510,"template":"","meta":[],"product_brand":[],"product_cat":[69],"product_tag":[],"class_list":{"0":"post-534","1":"product","2":"type-product","3":"status-publish","4":"has-post-thumbnail","6":"product_cat-electronica","8":"first","9":"outofstock","10":"shipping-taxable","11":"purchasable","12":"product-type-simple"},"_links":{"self":[{"href":"https:\/\/musicvision.cl\/es\/wp-json\/wp\/v2\/product\/534","targetHints":{"allow":["GET"]}}],"collection":[{"href":"https:\/\/musicvision.cl\/es\/wp-json\/wp\/v2\/product"}],"about":[{"href":"https:\/\/musicvision.cl\/es\/wp-json\/wp\/v2\/types\/product"}],"wp:featuredmedia":[{"embeddable":true,"href":"https:\/\/musicvision.cl\/es\/wp-json\/wp\/v2\/media\/510"}],"wp:attachment":[{"href":"https:\/\/musicvision.cl\/es\/wp-json\/wp\/v2\/media?parent=534"}],"wp:term":[{"taxonomy":"product_brand","embeddable":true,"href":"https:\/\/musicvision.cl\/es\/wp-json\/wp\/v2\/product_brand?post=534"},{"taxonomy":"product_cat","embeddable":true,"href":"https:\/\/musicvision.cl\/es\/wp-json\/wp\/v2\/product_cat?post=534"},{"taxonomy":"product_tag","embeddable":true,"href":"https:\/\/musicvision.cl\/es\/wp-json\/wp\/v2\/product_tag?post=534"}],"curies":[{"name":"wp","href":"https:\/\/api.w.org\/{rel}","templated":true}]}}