{"id":535,"date":"2025-11-13T20:30:20","date_gmt":"2025-11-13T20:30:20","guid":{"rendered":"https:\/\/musicvision.cl\/?post_type=product&#038;p=535"},"modified":"2026-01-09T20:18:44","modified_gmt":"2026-01-09T20:18:44","slug":"camara-de-seguridad-ip-hd-720p-wifi","status":"publish","type":"product","link":"https:\/\/musicvision.cl\/es\/producto\/camara-de-seguridad-ip-hd-720p-wifi\/","title":{"rendered":"C\u00e1mara De Seguridad Ip Hd 720p Wifi, Philco Color Blanco"},"content":{"rendered":"<p>Vigila tu hogar u oficina con la C\u00e1mara IP WiFi PTZ Philco, pensada para darte seguridad y tranquilidad en todo momento. Su sensor de 2 Megap\u00edxeles ofrece una resoluci\u00f3n Full HD 1080p, que garantiza im\u00e1genes claras y definidas tanto de d\u00eda como de noche<\/p>","protected":false},"excerpt":{"rendered":"<p>Vigila tu hogar u oficina con la C\u00e1mara IP WiFi PTZ Philco, pensada para darte seguridad y tranquilidad en todo momento. Su sensor de 2 Megap\u00edxeles ofrece una resoluci\u00f3n Full HD 1080p, que garantiza im\u00e1genes claras y definidas tanto de d\u00eda como de noche<\/p>","protected":false},"featured_media":508,"template":"","meta":[],"product_brand":[],"product_cat":[71,69],"product_tag":[],"class_list":{"0":"post-535","1":"product","2":"type-product","3":"status-publish","4":"has-post-thumbnail","6":"product_cat-computacion","7":"product_cat-electronica","9":"first","10":"outofstock","11":"shipping-taxable","12":"purchasable","13":"product-type-simple"},"_links":{"self":[{"href":"https:\/\/musicvision.cl\/es\/wp-json\/wp\/v2\/product\/535","targetHints":{"allow":["GET"]}}],"collection":[{"href":"https:\/\/musicvision.cl\/es\/wp-json\/wp\/v2\/product"}],"about":[{"href":"https:\/\/musicvision.cl\/es\/wp-json\/wp\/v2\/types\/product"}],"wp:featuredmedia":[{"embeddable":true,"href":"https:\/\/musicvision.cl\/es\/wp-json\/wp\/v2\/media\/508"}],"wp:attachment":[{"href":"https:\/\/musicvision.cl\/es\/wp-json\/wp\/v2\/media?parent=535"}],"wp:term":[{"taxonomy":"product_brand","embeddable":true,"href":"https:\/\/musicvision.cl\/es\/wp-json\/wp\/v2\/product_brand?post=535"},{"taxonomy":"product_cat","embeddable":true,"href":"https:\/\/musicvision.cl\/es\/wp-json\/wp\/v2\/product_cat?post=535"},{"taxonomy":"product_tag","embeddable":true,"href":"https:\/\/musicvision.cl\/es\/wp-json\/wp\/v2\/product_tag?post=535"}],"curies":[{"name":"wp","href":"https:\/\/api.w.org\/{rel}","templated":true}]}}