{"id":540,"date":"2025-11-13T20:44:10","date_gmt":"2025-11-13T20:44:10","guid":{"rendered":"https:\/\/musicvision.cl\/?post_type=product&#038;p=540"},"modified":"2025-11-13T20:44:10","modified_gmt":"2025-11-13T20:44:10","slug":"pendrive-maxell-flix-16gb-2-0","status":"publish","type":"product","link":"https:\/\/musicvision.cl\/es\/producto\/pendrive-maxell-flix-16gb-2-0\/","title":{"rendered":"Pendrive Maxell FLIX 16GB 2.0"},"content":{"rendered":"<p>Descubre la eficiencia y el estilo con el Pendrive Maxell FLIX 2.0. Este pendrive cuenta con un dise\u00f1o retr\u00e1ctil sin tapa, que facilita su uso y protege el conector USB, proporcionando una r\u00e1pida transferencia de datos y contenidos. Ideal para uso diario en el trabajo, la escuela, el hogar y durante tus viajes, es la soluci\u00f3n perfecta para almacenar y transferir fotos, m\u00fasica, videos, presentaciones y archivos en general.<\/p>","protected":false},"excerpt":{"rendered":"<p>Descubre la eficiencia y el estilo con el Pendrive Maxell FLIX 2.0. Este pendrive cuenta con un dise\u00f1o retr\u00e1ctil sin tapa, que facilita su uso y protege el conector USB, proporcionando una r\u00e1pida transferencia de datos y contenidos. Ideal para uso diario en el trabajo, la escuela, el hogar y durante tus viajes, es la soluci\u00f3n perfecta para almacenar y transferir fotos, m\u00fasica, videos, presentaciones y archivos en general.<\/p>","protected":false},"featured_media":525,"template":"","meta":[],"product_brand":[],"product_cat":[71,69],"product_tag":[],"class_list":{"0":"post-540","1":"product","2":"type-product","3":"status-publish","4":"has-post-thumbnail","6":"product_cat-computacion","7":"product_cat-electronica","9":"first","10":"instock","11":"shipping-taxable","12":"purchasable","13":"product-type-simple"},"_links":{"self":[{"href":"https:\/\/musicvision.cl\/es\/wp-json\/wp\/v2\/product\/540","targetHints":{"allow":["GET"]}}],"collection":[{"href":"https:\/\/musicvision.cl\/es\/wp-json\/wp\/v2\/product"}],"about":[{"href":"https:\/\/musicvision.cl\/es\/wp-json\/wp\/v2\/types\/product"}],"wp:featuredmedia":[{"embeddable":true,"href":"https:\/\/musicvision.cl\/es\/wp-json\/wp\/v2\/media\/525"}],"wp:attachment":[{"href":"https:\/\/musicvision.cl\/es\/wp-json\/wp\/v2\/media?parent=540"}],"wp:term":[{"taxonomy":"product_brand","embeddable":true,"href":"https:\/\/musicvision.cl\/es\/wp-json\/wp\/v2\/product_brand?post=540"},{"taxonomy":"product_cat","embeddable":true,"href":"https:\/\/musicvision.cl\/es\/wp-json\/wp\/v2\/product_cat?post=540"},{"taxonomy":"product_tag","embeddable":true,"href":"https:\/\/musicvision.cl\/es\/wp-json\/wp\/v2\/product_tag?post=540"}],"curies":[{"name":"wp","href":"https:\/\/api.w.org\/{rel}","templated":true}]}}