{"id":545,"date":"2025-11-13T20:51:07","date_gmt":"2025-11-13T20:51:07","guid":{"rendered":"https:\/\/musicvision.cl\/?post_type=product&#038;p=545"},"modified":"2026-01-09T20:07:04","modified_gmt":"2026-01-09T20:07:04","slug":"mouse-genius-dx-110","status":"publish","type":"product","link":"https:\/\/musicvision.cl\/es\/producto\/mouse-genius-dx-110\/","title":{"rendered":"Mouse Genius Dx-110 Conexion USB 1000 Dpi Optico Cableado Color Negro"},"content":{"rendered":"<p>Desde hace m\u00e1s de 30 a\u00f1os, Genius est\u00e1 enfocado en la calidad, comodidad y facilidad de uso de sus productos. Su principal objetivo es proporcionarle a las personas una mejor experiencia de usuario. Adem\u00e1s, busca incorporar dise\u00f1os ecol\u00f3gicos que respeten el medio ambiente. El mouse Genius se caracteriza por suaves curvas que resultan c\u00f3modas para cualquier mano. Gracias a su resoluci\u00f3n, conseguir\u00e1s movimientos precisos en una amplia gama de superficies.<\/p>","protected":false},"excerpt":{"rendered":"<p>Desde hace m\u00e1s de 30 a\u00f1os, Genius est\u00e1 enfocado en la calidad, comodidad y facilidad de uso de sus productos. Su principal objetivo es proporcionarle a las personas una mejor experiencia de usuario. Adem\u00e1s, busca incorporar dise\u00f1os ecol\u00f3gicos que respeten el medio ambiente. El mouse Genius se caracteriza por suaves curvas que resultan c\u00f3modas para cualquier mano. Gracias a su resoluci\u00f3n, conseguir\u00e1s movimientos precisos en una amplia gama de superficies.<\/p>","protected":false},"featured_media":523,"template":"","meta":[],"product_brand":[],"product_cat":[71,69],"product_tag":[],"class_list":{"0":"post-545","1":"product","2":"type-product","3":"status-publish","4":"has-post-thumbnail","6":"product_cat-computacion","7":"product_cat-electronica","9":"first","10":"instock","11":"shipping-taxable","12":"purchasable","13":"product-type-simple"},"_links":{"self":[{"href":"https:\/\/musicvision.cl\/es\/wp-json\/wp\/v2\/product\/545","targetHints":{"allow":["GET"]}}],"collection":[{"href":"https:\/\/musicvision.cl\/es\/wp-json\/wp\/v2\/product"}],"about":[{"href":"https:\/\/musicvision.cl\/es\/wp-json\/wp\/v2\/types\/product"}],"wp:featuredmedia":[{"embeddable":true,"href":"https:\/\/musicvision.cl\/es\/wp-json\/wp\/v2\/media\/523"}],"wp:attachment":[{"href":"https:\/\/musicvision.cl\/es\/wp-json\/wp\/v2\/media?parent=545"}],"wp:term":[{"taxonomy":"product_brand","embeddable":true,"href":"https:\/\/musicvision.cl\/es\/wp-json\/wp\/v2\/product_brand?post=545"},{"taxonomy":"product_cat","embeddable":true,"href":"https:\/\/musicvision.cl\/es\/wp-json\/wp\/v2\/product_cat?post=545"},{"taxonomy":"product_tag","embeddable":true,"href":"https:\/\/musicvision.cl\/es\/wp-json\/wp\/v2\/product_tag?post=545"}],"curies":[{"name":"wp","href":"https:\/\/api.w.org\/{rel}","templated":true}]}}