{"id":546,"date":"2025-11-13T20:57:41","date_gmt":"2025-11-13T20:57:41","guid":{"rendered":"https:\/\/musicvision.cl\/?post_type=product&#038;p=546"},"modified":"2026-01-09T20:09:34","modified_gmt":"2026-01-09T20:09:34","slug":"microfono-dinamico-sv100-shure-color-negro","status":"publish","type":"product","link":"https:\/\/musicvision.cl\/es\/producto\/microfono-dinamico-sv100-shure-color-negro\/","title":{"rendered":"Microfono Dinamico Sv100 Shure Color Negro"},"content":{"rendered":"<p>Encuentra el micr\u00f3fono m\u00e1s adecuado para tus necesidades, tanto si buscas uno vocal, de instrumento o inal\u00e1mbrico. Desde 1925, artistas y entusiastas de la m\u00fasica de todo el mundo han elegido a Shure por el rendimiento incomparable de sus caracter\u00edsticas.<\/p>","protected":false},"excerpt":{"rendered":"<p>Encuentra el micr\u00f3fono m\u00e1s adecuado para tus necesidades, tanto si buscas uno vocal, de instrumento o inal\u00e1mbrico. Desde 1925, artistas y entusiastas de la m\u00fasica de todo el mundo han elegido a Shure por el rendimiento incomparable de sus caracter\u00edsticas.<\/p>","protected":false},"featured_media":517,"template":"","meta":[],"product_brand":[],"product_cat":[68,69,70],"product_tag":[],"class_list":{"0":"post-546","1":"product","2":"type-product","3":"status-publish","4":"has-post-thumbnail","6":"product_cat-audio","7":"product_cat-electronica","8":"product_cat-musica","10":"first","11":"outofstock","12":"shipping-taxable","13":"purchasable","14":"product-type-simple"},"_links":{"self":[{"href":"https:\/\/musicvision.cl\/es\/wp-json\/wp\/v2\/product\/546","targetHints":{"allow":["GET"]}}],"collection":[{"href":"https:\/\/musicvision.cl\/es\/wp-json\/wp\/v2\/product"}],"about":[{"href":"https:\/\/musicvision.cl\/es\/wp-json\/wp\/v2\/types\/product"}],"wp:featuredmedia":[{"embeddable":true,"href":"https:\/\/musicvision.cl\/es\/wp-json\/wp\/v2\/media\/517"}],"wp:attachment":[{"href":"https:\/\/musicvision.cl\/es\/wp-json\/wp\/v2\/media?parent=546"}],"wp:term":[{"taxonomy":"product_brand","embeddable":true,"href":"https:\/\/musicvision.cl\/es\/wp-json\/wp\/v2\/product_brand?post=546"},{"taxonomy":"product_cat","embeddable":true,"href":"https:\/\/musicvision.cl\/es\/wp-json\/wp\/v2\/product_cat?post=546"},{"taxonomy":"product_tag","embeddable":true,"href":"https:\/\/musicvision.cl\/es\/wp-json\/wp\/v2\/product_tag?post=546"}],"curies":[{"name":"wp","href":"https:\/\/api.w.org\/{rel}","templated":true}]}}