{"id":586,"date":"2025-11-16T04:09:58","date_gmt":"2025-11-16T04:09:58","guid":{"rendered":"https:\/\/musicvision.cl\/?post_type=product&#038;p=586"},"modified":"2025-11-16T04:09:59","modified_gmt":"2025-11-16T04:09:59","slug":"teclado-musical-electronico-fussen-ft-610-61-t-255-ritmos-negro","status":"publish","type":"product","link":"https:\/\/musicvision.cl\/es\/producto\/teclado-musical-electronico-fussen-ft-610-61-t-255-ritmos-negro\/","title":{"rendered":"Teclado Musical Electronico Fussen Ft-610 61 T 255 Ritmos Negro"},"content":{"rendered":"<p>Los usuarios avanzados apreciar\u00e1n la extensa paleta de 255 timbres y 255 ritmos para explorar complejidades arm\u00f3nicas y texturales, junto con la funci\u00f3n de programaci\u00f3n de ritmo y la capacidad de grabaci\u00f3n y reproducci\u00f3n para producciones m\u00e1s elaboradas. Para los principiantes, la claridad de la pantalla LED, las 24 canciones demo para aprendizaje guiado, y las funciones simplificadas de acorde simple y acorde digitado facilitan una introducci\u00f3n accesible y estimulante al estudio musical. La percusi\u00f3n de teclado a\u00f1ade una dimensi\u00f3n divertida y pr\u00e1ctica desde el inicio.<\/p>","protected":false},"excerpt":{"rendered":"<p>Los usuarios avanzados apreciar\u00e1n la extensa paleta de 255 timbres y 255 ritmos para explorar complejidades arm\u00f3nicas y texturales, junto con la funci\u00f3n de programaci\u00f3n de ritmo y la capacidad de grabaci\u00f3n y reproducci\u00f3n para producciones m\u00e1s elaboradas.<\/p>","protected":false},"featured_media":577,"template":"","meta":[],"product_brand":[],"product_cat":[75,70],"product_tag":[],"class_list":{"0":"post-586","1":"product","2":"type-product","3":"status-publish","4":"has-post-thumbnail","6":"product_cat-instrumentos","7":"product_cat-musica","9":"first","10":"instock","11":"shipping-taxable","12":"purchasable","13":"product-type-simple"},"_links":{"self":[{"href":"https:\/\/musicvision.cl\/es\/wp-json\/wp\/v2\/product\/586","targetHints":{"allow":["GET"]}}],"collection":[{"href":"https:\/\/musicvision.cl\/es\/wp-json\/wp\/v2\/product"}],"about":[{"href":"https:\/\/musicvision.cl\/es\/wp-json\/wp\/v2\/types\/product"}],"wp:featuredmedia":[{"embeddable":true,"href":"https:\/\/musicvision.cl\/es\/wp-json\/wp\/v2\/media\/577"}],"wp:attachment":[{"href":"https:\/\/musicvision.cl\/es\/wp-json\/wp\/v2\/media?parent=586"}],"wp:term":[{"taxonomy":"product_brand","embeddable":true,"href":"https:\/\/musicvision.cl\/es\/wp-json\/wp\/v2\/product_brand?post=586"},{"taxonomy":"product_cat","embeddable":true,"href":"https:\/\/musicvision.cl\/es\/wp-json\/wp\/v2\/product_cat?post=586"},{"taxonomy":"product_tag","embeddable":true,"href":"https:\/\/musicvision.cl\/es\/wp-json\/wp\/v2\/product_tag?post=586"}],"curies":[{"name":"wp","href":"https:\/\/api.w.org\/{rel}","templated":true}]}}