{"id":590,"date":"2025-11-16T04:26:46","date_gmt":"2025-11-16T04:26:46","guid":{"rendered":"https:\/\/musicvision.cl\/?post_type=product&#038;p=590"},"modified":"2025-11-16T04:27:20","modified_gmt":"2025-11-16T04:27:20","slug":"guitarra-clasica-sevillana","status":"publish","type":"product","link":"https:\/\/musicvision.cl\/es\/producto\/guitarra-clasica-sevillana\/","title":{"rendered":"Guitarra Clasica Sevillana 8446 39 Pulgadas + Funda Natural"},"content":{"rendered":"<p>Disfruta con esta guitarra Sevillana de la conexi\u00f3n con la m\u00fasica. Est\u00e1 dise\u00f1ada para aficionados y profesionales. Con este instrumento descubrir\u00e1s nuevos acordes, entonar\u00e1s tus canciones y disfrutar\u00e1s de la vida musical.<\/p>","protected":false},"excerpt":{"rendered":"<p>Disfruta con esta guitarra Sevillana de la conexi\u00f3n con la m\u00fasica. Est\u00e1 dise\u00f1ada para aficionados y profesionales. Con este instrumento descubrir\u00e1s nuevos acordes, entonar\u00e1s tus canciones y disfrutar\u00e1s de la vida musical.<\/p>","protected":false},"featured_media":573,"template":"","meta":[],"product_brand":[],"product_cat":[75,70],"product_tag":[],"class_list":{"0":"post-590","1":"product","2":"type-product","3":"status-publish","4":"has-post-thumbnail","6":"product_cat-instrumentos","7":"product_cat-musica","9":"first","10":"instock","11":"shipping-taxable","12":"purchasable","13":"product-type-simple"},"_links":{"self":[{"href":"https:\/\/musicvision.cl\/es\/wp-json\/wp\/v2\/product\/590","targetHints":{"allow":["GET"]}}],"collection":[{"href":"https:\/\/musicvision.cl\/es\/wp-json\/wp\/v2\/product"}],"about":[{"href":"https:\/\/musicvision.cl\/es\/wp-json\/wp\/v2\/types\/product"}],"wp:featuredmedia":[{"embeddable":true,"href":"https:\/\/musicvision.cl\/es\/wp-json\/wp\/v2\/media\/573"}],"wp:attachment":[{"href":"https:\/\/musicvision.cl\/es\/wp-json\/wp\/v2\/media?parent=590"}],"wp:term":[{"taxonomy":"product_brand","embeddable":true,"href":"https:\/\/musicvision.cl\/es\/wp-json\/wp\/v2\/product_brand?post=590"},{"taxonomy":"product_cat","embeddable":true,"href":"https:\/\/musicvision.cl\/es\/wp-json\/wp\/v2\/product_cat?post=590"},{"taxonomy":"product_tag","embeddable":true,"href":"https:\/\/musicvision.cl\/es\/wp-json\/wp\/v2\/product_tag?post=590"}],"curies":[{"name":"wp","href":"https:\/\/api.w.org\/{rel}","templated":true}]}}