{"id":593,"date":"2025-11-16T04:33:46","date_gmt":"2025-11-16T04:33:46","guid":{"rendered":"https:\/\/musicvision.cl\/?post_type=product&#038;p=593"},"modified":"2026-01-09T19:47:12","modified_gmt":"2026-01-09T19:47:12","slug":"guitarra-sevillana-rosada-39-pulgadas-con-alma-y-funda-color-rosa","status":"publish","type":"product","link":"https:\/\/musicvision.cl\/es\/producto\/guitarra-sevillana-rosada-39-pulgadas-con-alma-y-funda-color-rosa\/","title":{"rendered":"Guitarra Sevillana Rosada 39 Pulgadas Con Alma Y Funda Color Rosa"},"content":{"rendered":"<p>Disfruta con esta guitarra Sevillana de la conexi\u00f3n con la m\u00fasica. Est\u00e1 dise\u00f1ada para aficionados y profesionales. Con este instrumento descubrir\u00e1s nuevos acordes, entonar\u00e1s tus canciones y disfrutar\u00e1s de la vida musical.<\/p>","protected":false},"excerpt":{"rendered":"<p>Disfruta con esta guitarra Sevillana de la conexi\u00f3n con la m\u00fasica. Est\u00e1 dise\u00f1ada para aficionados y profesionales. Con este instrumento descubrir\u00e1s nuevos acordes, entonar\u00e1s tus canciones y disfrutar\u00e1s de la vida musical.<\/p>","protected":false},"featured_media":574,"template":"","meta":[],"product_brand":[],"product_cat":[72,75,70],"product_tag":[],"class_list":{"0":"post-593","1":"product","2":"type-product","3":"status-publish","4":"has-post-thumbnail","6":"product_cat-cuerdas","7":"product_cat-instrumentos","8":"product_cat-musica","10":"first","11":"instock","12":"shipping-taxable","13":"purchasable","14":"product-type-simple"},"_links":{"self":[{"href":"https:\/\/musicvision.cl\/es\/wp-json\/wp\/v2\/product\/593","targetHints":{"allow":["GET"]}}],"collection":[{"href":"https:\/\/musicvision.cl\/es\/wp-json\/wp\/v2\/product"}],"about":[{"href":"https:\/\/musicvision.cl\/es\/wp-json\/wp\/v2\/types\/product"}],"wp:featuredmedia":[{"embeddable":true,"href":"https:\/\/musicvision.cl\/es\/wp-json\/wp\/v2\/media\/574"}],"wp:attachment":[{"href":"https:\/\/musicvision.cl\/es\/wp-json\/wp\/v2\/media?parent=593"}],"wp:term":[{"taxonomy":"product_brand","embeddable":true,"href":"https:\/\/musicvision.cl\/es\/wp-json\/wp\/v2\/product_brand?post=593"},{"taxonomy":"product_cat","embeddable":true,"href":"https:\/\/musicvision.cl\/es\/wp-json\/wp\/v2\/product_cat?post=593"},{"taxonomy":"product_tag","embeddable":true,"href":"https:\/\/musicvision.cl\/es\/wp-json\/wp\/v2\/product_tag?post=593"}],"curies":[{"name":"wp","href":"https:\/\/api.w.org\/{rel}","templated":true}]}}