{"id":594,"date":"2025-11-16T04:35:36","date_gmt":"2025-11-16T04:35:36","guid":{"rendered":"https:\/\/musicvision.cl\/?post_type=product&#038;p=594"},"modified":"2026-01-09T17:14:08","modified_gmt":"2026-01-09T17:14:08","slug":"funda-de-guitarra-clasica-40-sonun-8445","status":"publish","type":"product","link":"https:\/\/musicvision.cl\/es\/producto\/funda-de-guitarra-clasica-40-sonun-8445\/","title":{"rendered":"Funda De Guitarra Cl\u00e1sica 40 Sonun &#8211; 8445"},"content":{"rendered":"<p>La Funda de Guitarra Cl\u00e1sica 40&#8243; de la marca SONUN, modelo 8445, es la opci\u00f3n ideal para proteger tu instrumento musical. Dise\u00f1ada especialmente para guitarras cl\u00e1sicas, esta funda cuenta con un dise\u00f1o pr\u00e1ctico y funcional.<\/p>","protected":false},"excerpt":{"rendered":"<p>La Funda de Guitarra Cl\u00e1sica 40&#8243; de la marca SONUN, modelo 8445, es la opci\u00f3n ideal para proteger tu instrumento musical. Dise\u00f1ada especialmente para guitarras cl\u00e1sicas, esta funda cuenta con un dise\u00f1o pr\u00e1ctico y funcional.<\/p>","protected":false},"featured_media":571,"template":"","meta":[],"product_brand":[],"product_cat":[72,75,70],"product_tag":[],"class_list":{"0":"post-594","1":"product","2":"type-product","3":"status-publish","4":"has-post-thumbnail","6":"product_cat-cuerdas","7":"product_cat-instrumentos","8":"product_cat-musica","10":"first","11":"instock","12":"shipping-taxable","13":"purchasable","14":"product-type-simple"},"_links":{"self":[{"href":"https:\/\/musicvision.cl\/es\/wp-json\/wp\/v2\/product\/594","targetHints":{"allow":["GET"]}}],"collection":[{"href":"https:\/\/musicvision.cl\/es\/wp-json\/wp\/v2\/product"}],"about":[{"href":"https:\/\/musicvision.cl\/es\/wp-json\/wp\/v2\/types\/product"}],"wp:featuredmedia":[{"embeddable":true,"href":"https:\/\/musicvision.cl\/es\/wp-json\/wp\/v2\/media\/571"}],"wp:attachment":[{"href":"https:\/\/musicvision.cl\/es\/wp-json\/wp\/v2\/media?parent=594"}],"wp:term":[{"taxonomy":"product_brand","embeddable":true,"href":"https:\/\/musicvision.cl\/es\/wp-json\/wp\/v2\/product_brand?post=594"},{"taxonomy":"product_cat","embeddable":true,"href":"https:\/\/musicvision.cl\/es\/wp-json\/wp\/v2\/product_cat?post=594"},{"taxonomy":"product_tag","embeddable":true,"href":"https:\/\/musicvision.cl\/es\/wp-json\/wp\/v2\/product_tag?post=594"}],"curies":[{"name":"wp","href":"https:\/\/api.w.org\/{rel}","templated":true}]}}