{"id":623,"date":"2025-11-19T03:16:23","date_gmt":"2025-11-19T03:16:23","guid":{"rendered":"https:\/\/musicvision.cl\/?post_type=product&#038;p=623"},"modified":"2026-01-09T16:53:15","modified_gmt":"2026-01-09T16:53:15","slug":"bateria-electrica-aroma-tdx-16","status":"publish","type":"product","link":"https:\/\/musicvision.cl\/es\/producto\/bateria-electrica-aroma-tdx-16\/","title":{"rendered":"Bater\u00eda El\u00e9ctrica Aroma TDX-16"},"content":{"rendered":"<p>El Aroma TDX-16 es para aquellos que buscan una bater\u00eda electr\u00f3nica de malla a una fracci\u00f3n del costo. Las almohadillas de malla de 6 pulgadas le brindar\u00e1n una gran sensaci\u00f3n t\u00e1ctil y rebote. El Crash and Ride de doble zona de 10 pulgadas con estrangulador le permitir\u00e1 hacer esas t\u00e9cnicas de platillos para interpretar cualquier canci\u00f3n. Con sonidos de kit de bater\u00eda de alta calidad y midi USB, puede grabar bater\u00edas de alta calidad desde la grabaci\u00f3n directa o controlar un complemento de bater\u00eda de alta calidad como un baterista superior.<\/p>","protected":false},"excerpt":{"rendered":"<p>El Aroma TDX-16 es para aquellos que buscan una bater\u00eda electr\u00f3nica de malla a una fracci\u00f3n del costo. Las almohadillas de malla de 6 pulgadas le brindar\u00e1n una gran sensaci\u00f3n t\u00e1ctil y rebote. El Crash and Ride de doble zona de 10 pulgadas con estrangulador le permitir\u00e1 hacer esas t\u00e9cnicas de platillos para interpretar cualquier canci\u00f3n.<\/p>","protected":false},"featured_media":613,"template":"","meta":[],"product_brand":[],"product_cat":[75,70],"product_tag":[],"class_list":{"0":"post-623","1":"product","2":"type-product","3":"status-publish","4":"has-post-thumbnail","6":"product_cat-instrumentos","7":"product_cat-musica","9":"first","10":"outofstock","11":"shipping-taxable","12":"purchasable","13":"product-type-simple"},"_links":{"self":[{"href":"https:\/\/musicvision.cl\/es\/wp-json\/wp\/v2\/product\/623","targetHints":{"allow":["GET"]}}],"collection":[{"href":"https:\/\/musicvision.cl\/es\/wp-json\/wp\/v2\/product"}],"about":[{"href":"https:\/\/musicvision.cl\/es\/wp-json\/wp\/v2\/types\/product"}],"wp:featuredmedia":[{"embeddable":true,"href":"https:\/\/musicvision.cl\/es\/wp-json\/wp\/v2\/media\/613"}],"wp:attachment":[{"href":"https:\/\/musicvision.cl\/es\/wp-json\/wp\/v2\/media?parent=623"}],"wp:term":[{"taxonomy":"product_brand","embeddable":true,"href":"https:\/\/musicvision.cl\/es\/wp-json\/wp\/v2\/product_brand?post=623"},{"taxonomy":"product_cat","embeddable":true,"href":"https:\/\/musicvision.cl\/es\/wp-json\/wp\/v2\/product_cat?post=623"},{"taxonomy":"product_tag","embeddable":true,"href":"https:\/\/musicvision.cl\/es\/wp-json\/wp\/v2\/product_tag?post=623"}],"curies":[{"name":"wp","href":"https:\/\/api.w.org\/{rel}","templated":true}]}}