{"id":625,"date":"2025-11-19T03:21:45","date_gmt":"2025-11-19T03:21:45","guid":{"rendered":"https:\/\/musicvision.cl\/?post_type=product&#038;p=625"},"modified":"2026-01-09T16:51:08","modified_gmt":"2026-01-09T16:51:08","slug":"medina-artigas-1220d-set-de-cuerdas-charango","status":"publish","type":"product","link":"https:\/\/musicvision.cl\/es\/producto\/medina-artigas-1220d-set-de-cuerdas-charango\/","title":{"rendered":"Medina Artigas 1220D Set de Cuerdas Charango"},"content":{"rendered":"<p>Set de Cuerdas para dos charangos. Conocidas por su calidad superior y excelentes tonos, las cuerdas para charango de Medina Artigas son muy populares en Sudam\u00e9rica y el resto del mundo. Instaladas como est\u00e1ndar por la mayor\u00eda de los fabricantes de charango en Bolivia y otros pa\u00edses, estas cuerdas de nailon negro de alta calidad brindan un tono claro, brillante y contundente a un precio asequible.<\/p>","protected":false},"excerpt":{"rendered":"<p>Set de Cuerdas para dos charangos. Conocidas por su calidad superior y excelentes tonos, las cuerdas para charango de Medina Artigas son muy populares en Sudam\u00e9rica y el resto del mundo. Instaladas como est\u00e1ndar por la mayor\u00eda de los fabricantes de charango en Bolivia y otros pa\u00edses, estas cuerdas de nailon negro de alta calidad brindan un tono claro, brillante y contundente a un precio asequible.<\/p>","protected":false},"featured_media":610,"template":"","meta":[],"product_brand":[],"product_cat":[72,75,70],"product_tag":[],"class_list":{"0":"post-625","1":"product","2":"type-product","3":"status-publish","4":"has-post-thumbnail","6":"product_cat-cuerdas","7":"product_cat-instrumentos","8":"product_cat-musica","10":"first","11":"outofstock","12":"shipping-taxable","13":"purchasable","14":"product-type-simple"},"_links":{"self":[{"href":"https:\/\/musicvision.cl\/es\/wp-json\/wp\/v2\/product\/625","targetHints":{"allow":["GET"]}}],"collection":[{"href":"https:\/\/musicvision.cl\/es\/wp-json\/wp\/v2\/product"}],"about":[{"href":"https:\/\/musicvision.cl\/es\/wp-json\/wp\/v2\/types\/product"}],"wp:featuredmedia":[{"embeddable":true,"href":"https:\/\/musicvision.cl\/es\/wp-json\/wp\/v2\/media\/610"}],"wp:attachment":[{"href":"https:\/\/musicvision.cl\/es\/wp-json\/wp\/v2\/media?parent=625"}],"wp:term":[{"taxonomy":"product_brand","embeddable":true,"href":"https:\/\/musicvision.cl\/es\/wp-json\/wp\/v2\/product_brand?post=625"},{"taxonomy":"product_cat","embeddable":true,"href":"https:\/\/musicvision.cl\/es\/wp-json\/wp\/v2\/product_cat?post=625"},{"taxonomy":"product_tag","embeddable":true,"href":"https:\/\/musicvision.cl\/es\/wp-json\/wp\/v2\/product_tag?post=625"}],"curies":[{"name":"wp","href":"https:\/\/api.w.org\/{rel}","templated":true}]}}