{"id":628,"date":"2025-11-19T03:28:25","date_gmt":"2025-11-19T03:28:25","guid":{"rendered":"https:\/\/musicvision.cl\/?post_type=product&#038;p=628"},"modified":"2026-01-09T16:47:50","modified_gmt":"2026-01-09T16:47:50","slug":"audifonos-bluetooth-edifier-w830nb-negro","status":"publish","type":"product","link":"https:\/\/musicvision.cl\/es\/producto\/audifonos-bluetooth-edifier-w830nb-negro\/","title":{"rendered":"Audifonos Bluetooth Edifier W830NB Negro"},"content":{"rendered":"<p>El Edifier W830NB es un auricular inal\u00e1mbrico de tipo supraaural que ofrece las siguientes caracter\u00edsticas destacadas: Calidad de sonido: Cuenta con certificaciones Hi-Res Audio e Hi-Res Audio Wireless, lo que garantiza una experiencia de audio de alta resoluci\u00f3n. Adem\u00e1s, es compatible con la codificaci\u00f3n de audio LDAC, permitiendo una tasa de transferencia de hasta 990 kbps para una mayor fidelidad sonora.<\/p>","protected":false},"excerpt":{"rendered":"<p>El Edifier W830NB es un auricular inal\u00e1mbrico de tipo supraaural que ofrece las siguientes caracter\u00edsticas destacadas: Calidad de sonido: Cuenta con certificaciones Hi-Res Audio e Hi-Res Audio Wireless, lo que garantiza una experiencia de audio de alta resoluci\u00f3n.<\/p>","protected":false},"featured_media":607,"template":"","meta":[],"product_brand":[],"product_cat":[68,69,70],"product_tag":[],"class_list":{"0":"post-628","1":"product","2":"type-product","3":"status-publish","4":"has-post-thumbnail","6":"product_cat-audio","7":"product_cat-electronica","8":"product_cat-musica","10":"first","11":"outofstock","12":"shipping-taxable","13":"purchasable","14":"product-type-simple"},"_links":{"self":[{"href":"https:\/\/musicvision.cl\/es\/wp-json\/wp\/v2\/product\/628","targetHints":{"allow":["GET"]}}],"collection":[{"href":"https:\/\/musicvision.cl\/es\/wp-json\/wp\/v2\/product"}],"about":[{"href":"https:\/\/musicvision.cl\/es\/wp-json\/wp\/v2\/types\/product"}],"wp:featuredmedia":[{"embeddable":true,"href":"https:\/\/musicvision.cl\/es\/wp-json\/wp\/v2\/media\/607"}],"wp:attachment":[{"href":"https:\/\/musicvision.cl\/es\/wp-json\/wp\/v2\/media?parent=628"}],"wp:term":[{"taxonomy":"product_brand","embeddable":true,"href":"https:\/\/musicvision.cl\/es\/wp-json\/wp\/v2\/product_brand?post=628"},{"taxonomy":"product_cat","embeddable":true,"href":"https:\/\/musicvision.cl\/es\/wp-json\/wp\/v2\/product_cat?post=628"},{"taxonomy":"product_tag","embeddable":true,"href":"https:\/\/musicvision.cl\/es\/wp-json\/wp\/v2\/product_tag?post=628"}],"curies":[{"name":"wp","href":"https:\/\/api.w.org\/{rel}","templated":true}]}}