{"id":664,"date":"2025-11-23T00:34:22","date_gmt":"2025-11-23T00:34:22","guid":{"rendered":"https:\/\/musicvision.cl\/?post_type=product&#038;p=664"},"modified":"2026-01-09T16:22:11","modified_gmt":"2026-01-09T16:22:11","slug":"mezclador-digital-relacart","status":"publish","type":"product","link":"https:\/\/musicvision.cl\/es\/producto\/mezclador-digital-relacart\/","title":{"rendered":"Mezclador Digital Relacart MIXX8.6"},"content":{"rendered":"<p>Dise\u00f1ado con 8 entradas y 6 salidas. Funciones de procesamiento de audio digital integradas, como efectos, ecualizador, compresor, etc. Y est\u00e1 equipado con una interfaz USB, que puede transmitir audio a trav\u00e9s de tel\u00e9fonos m\u00f3viles y computadoras. Tiene 16 tipos de efectos de reverberaci\u00f3n digital, que se pueden ajustar f\u00e1cilmente para diversas ocasiones con el codificador. MIXX8.6 tiene una apariencia simple y exquisita, con un dise\u00f1o adecuado para diversas actuaciones a peque\u00f1a escala, conferencias, discursos, KTV, transmisi\u00f3n en vivo y otras ocasiones.<\/p>","protected":false},"excerpt":{"rendered":"<p>Mezclador digital MIXX8.6 dise\u00f1ado con 8 entradas y 6 salidas. Funciones de procesamiento de audio digital integradas, como efectos, ecualizador, compresor, etc. Y est\u00e1 equipado con una interfaz USB, que puede transmitir audio a trav\u00e9s de tel\u00e9fonos m\u00f3viles y computadoras.<\/p>","protected":false},"featured_media":680,"template":"","meta":[],"product_brand":[],"product_cat":[68,69],"product_tag":[],"class_list":{"0":"post-664","1":"product","2":"type-product","3":"status-publish","4":"has-post-thumbnail","6":"product_cat-audio","7":"product_cat-electronica","9":"first","10":"outofstock","11":"shipping-taxable","12":"purchasable","13":"product-type-simple"},"_links":{"self":[{"href":"https:\/\/musicvision.cl\/es\/wp-json\/wp\/v2\/product\/664","targetHints":{"allow":["GET"]}}],"collection":[{"href":"https:\/\/musicvision.cl\/es\/wp-json\/wp\/v2\/product"}],"about":[{"href":"https:\/\/musicvision.cl\/es\/wp-json\/wp\/v2\/types\/product"}],"wp:featuredmedia":[{"embeddable":true,"href":"https:\/\/musicvision.cl\/es\/wp-json\/wp\/v2\/media\/680"}],"wp:attachment":[{"href":"https:\/\/musicvision.cl\/es\/wp-json\/wp\/v2\/media?parent=664"}],"wp:term":[{"taxonomy":"product_brand","embeddable":true,"href":"https:\/\/musicvision.cl\/es\/wp-json\/wp\/v2\/product_brand?post=664"},{"taxonomy":"product_cat","embeddable":true,"href":"https:\/\/musicvision.cl\/es\/wp-json\/wp\/v2\/product_cat?post=664"},{"taxonomy":"product_tag","embeddable":true,"href":"https:\/\/musicvision.cl\/es\/wp-json\/wp\/v2\/product_tag?post=664"}],"curies":[{"name":"wp","href":"https:\/\/api.w.org\/{rel}","templated":true}]}}