{"id":681,"date":"2025-11-23T00:37:03","date_gmt":"2025-11-23T00:37:03","guid":{"rendered":"https:\/\/musicvision.cl\/?post_type=product&#038;p=681"},"modified":"2026-01-09T16:21:15","modified_gmt":"2026-01-09T16:21:15","slug":"pandero-musical-media-luna-azul","status":"publish","type":"product","link":"https:\/\/musicvision.cl\/es\/producto\/pandero-musical-media-luna-azul\/","title":{"rendered":"Pandero Musical Media Luna azul"},"content":{"rendered":"<p>El Pandero es la herramienta perfecta para m\u00fasicos y entusiastas del ritmo. Su dise\u00f1o de medialuna y materiales de alta calidad lo convierten en un instrumento ideal para cualquier ocasi\u00f3n musical.<\/p>","protected":false},"excerpt":{"rendered":"<p>El Pandero es la herramienta perfecta para m\u00fasicos y entusiastas del ritmo. Su dise\u00f1o de medialuna y materiales de alta calidad lo convierten en un instrumento ideal para cualquier ocasi\u00f3n musical.<\/p>","protected":false},"featured_media":678,"template":"","meta":[],"product_brand":[],"product_cat":[75,70],"product_tag":[],"class_list":{"0":"post-681","1":"product","2":"type-product","3":"status-publish","4":"has-post-thumbnail","6":"product_cat-instrumentos","7":"product_cat-musica","9":"first","10":"instock","11":"shipping-taxable","12":"purchasable","13":"product-type-simple"},"_links":{"self":[{"href":"https:\/\/musicvision.cl\/es\/wp-json\/wp\/v2\/product\/681","targetHints":{"allow":["GET"]}}],"collection":[{"href":"https:\/\/musicvision.cl\/es\/wp-json\/wp\/v2\/product"}],"about":[{"href":"https:\/\/musicvision.cl\/es\/wp-json\/wp\/v2\/types\/product"}],"wp:featuredmedia":[{"embeddable":true,"href":"https:\/\/musicvision.cl\/es\/wp-json\/wp\/v2\/media\/678"}],"wp:attachment":[{"href":"https:\/\/musicvision.cl\/es\/wp-json\/wp\/v2\/media?parent=681"}],"wp:term":[{"taxonomy":"product_brand","embeddable":true,"href":"https:\/\/musicvision.cl\/es\/wp-json\/wp\/v2\/product_brand?post=681"},{"taxonomy":"product_cat","embeddable":true,"href":"https:\/\/musicvision.cl\/es\/wp-json\/wp\/v2\/product_cat?post=681"},{"taxonomy":"product_tag","embeddable":true,"href":"https:\/\/musicvision.cl\/es\/wp-json\/wp\/v2\/product_tag?post=681"}],"curies":[{"name":"wp","href":"https:\/\/api.w.org\/{rel}","templated":true}]}}