{"id":683,"date":"2025-11-23T00:43:41","date_gmt":"2025-11-23T00:43:41","guid":{"rendered":"https:\/\/musicvision.cl\/?post_type=product&#038;p=683"},"modified":"2026-01-09T16:18:23","modified_gmt":"2026-01-09T16:18:23","slug":"microfono-dinamico-relacart-pm1","status":"publish","type":"product","link":"https:\/\/musicvision.cl\/es\/producto\/microfono-dinamico-relacart-pm1\/","title":{"rendered":"Micr\u00f3fono Din\u00e1mico Relacart PM1"},"content":{"rendered":"<p>Micr\u00f3fono din\u00e1mico cardioide para cantar, transmisi\u00f3n en vivo, grabaci\u00f3n vocal, micr\u00f3fono de podcast XLR, tecnolog\u00eda de aislamiento de voz, construcci\u00f3n de metal<\/p>","protected":false},"excerpt":{"rendered":"<p>Micr\u00f3fono din\u00e1mico cardioide para cantar, transmisi\u00f3n en vivo, grabaci\u00f3n vocal, micr\u00f3fono de podcast XLR, tecnolog\u00eda de aislamiento de voz, construcci\u00f3n de metal<\/p>","protected":false},"featured_media":676,"template":"","meta":[],"product_brand":[],"product_cat":[68,69],"product_tag":[],"class_list":{"0":"post-683","1":"product","2":"type-product","3":"status-publish","4":"has-post-thumbnail","6":"product_cat-audio","7":"product_cat-electronica","9":"first","10":"outofstock","11":"shipping-taxable","12":"purchasable","13":"product-type-simple"},"_links":{"self":[{"href":"https:\/\/musicvision.cl\/es\/wp-json\/wp\/v2\/product\/683","targetHints":{"allow":["GET"]}}],"collection":[{"href":"https:\/\/musicvision.cl\/es\/wp-json\/wp\/v2\/product"}],"about":[{"href":"https:\/\/musicvision.cl\/es\/wp-json\/wp\/v2\/types\/product"}],"wp:featuredmedia":[{"embeddable":true,"href":"https:\/\/musicvision.cl\/es\/wp-json\/wp\/v2\/media\/676"}],"wp:attachment":[{"href":"https:\/\/musicvision.cl\/es\/wp-json\/wp\/v2\/media?parent=683"}],"wp:term":[{"taxonomy":"product_brand","embeddable":true,"href":"https:\/\/musicvision.cl\/es\/wp-json\/wp\/v2\/product_brand?post=683"},{"taxonomy":"product_cat","embeddable":true,"href":"https:\/\/musicvision.cl\/es\/wp-json\/wp\/v2\/product_cat?post=683"},{"taxonomy":"product_tag","embeddable":true,"href":"https:\/\/musicvision.cl\/es\/wp-json\/wp\/v2\/product_tag?post=683"}],"curies":[{"name":"wp","href":"https:\/\/api.w.org\/{rel}","templated":true}]}}