{"id":687,"date":"2025-11-23T00:54:11","date_gmt":"2025-11-23T00:54:11","guid":{"rendered":"https:\/\/musicvision.cl\/?post_type=product&#038;p=687"},"modified":"2026-01-08T18:52:59","modified_gmt":"2026-01-08T18:52:59","slug":"audifonos-bluetooth-dl750-black-philco","status":"publish","type":"product","link":"https:\/\/musicvision.cl\/es\/producto\/audifonos-bluetooth-dl750-black-philco\/","title":{"rendered":"AUDIFONOS BLUETOOTH DL750 BLACK PHILCO"},"content":{"rendered":"<p>Wireless BT 5.0 Rango de alcance BT: 10mts Manos Libres Frecuencia de Respuesta: 20hz- 20Khz. Di\u00e1metro Parlante: 40mm Impedancia: 64 Ohm Sensibilidad: 110db Bater\u00eda Recargable Alta duraci\u00f3n 400 mAh Duraci\u00f3n de la bater\u00eda: 12Horas<\/p>","protected":false},"excerpt":{"rendered":"<p>Wireless BT 5.0 Rango de alcance BT: 10mts Manos Libres Frecuencia de Respuesta: 20hz- 20Khz. Di\u00e1metro Parlante: 40mm Impedancia: 64 Ohm Sensibilidad: 110db Bater\u00eda Recargable Alta duraci\u00f3n 400 mAh Duraci\u00f3n de la bater\u00eda: 12Horas<\/p>","protected":false},"featured_media":671,"template":"","meta":[],"product_brand":[],"product_cat":[68,69],"product_tag":[],"class_list":{"0":"post-687","1":"product","2":"type-product","3":"status-publish","4":"has-post-thumbnail","6":"product_cat-audio","7":"product_cat-electronica","9":"first","10":"outofstock","11":"shipping-taxable","12":"purchasable","13":"product-type-simple"},"_links":{"self":[{"href":"https:\/\/musicvision.cl\/es\/wp-json\/wp\/v2\/product\/687","targetHints":{"allow":["GET"]}}],"collection":[{"href":"https:\/\/musicvision.cl\/es\/wp-json\/wp\/v2\/product"}],"about":[{"href":"https:\/\/musicvision.cl\/es\/wp-json\/wp\/v2\/types\/product"}],"wp:featuredmedia":[{"embeddable":true,"href":"https:\/\/musicvision.cl\/es\/wp-json\/wp\/v2\/media\/671"}],"wp:attachment":[{"href":"https:\/\/musicvision.cl\/es\/wp-json\/wp\/v2\/media?parent=687"}],"wp:term":[{"taxonomy":"product_brand","embeddable":true,"href":"https:\/\/musicvision.cl\/es\/wp-json\/wp\/v2\/product_brand?post=687"},{"taxonomy":"product_cat","embeddable":true,"href":"https:\/\/musicvision.cl\/es\/wp-json\/wp\/v2\/product_cat?post=687"},{"taxonomy":"product_tag","embeddable":true,"href":"https:\/\/musicvision.cl\/es\/wp-json\/wp\/v2\/product_tag?post=687"}],"curies":[{"name":"wp","href":"https:\/\/api.w.org\/{rel}","templated":true}]}}