{"id":690,"date":"2025-11-23T01:00:53","date_gmt":"2025-11-23T01:00:53","guid":{"rendered":"https:\/\/musicvision.cl\/?post_type=product&#038;p=690"},"modified":"2026-01-16T16:30:50","modified_gmt":"2026-01-16T16:30:50","slug":"microfono-inalambrico-para-android-lavalier-solapa","status":"publish","type":"product","link":"https:\/\/musicvision.cl\/es\/producto\/microfono-inalambrico-para-android-lavalier-solapa\/","title":{"rendered":"Micr\u00f3fono Inal\u00e1mbrico Para Android Lavalier Solapa Usb- C"},"content":{"rendered":"<p>Dispone de sonido omnidireccional y tecnolog\u00eda de cancelaci\u00f3n de ruido. Incorpora chips inteligentes de reducci\u00f3n de ruido de calidad profesional. Este micr\u00f3fono inal\u00e1mbrico para dispositivos Android garantiza una identificaci\u00f3n eficaz del sonido original y una grabaci\u00f3n clara.<\/p>","protected":false},"excerpt":{"rendered":"<p>Dispone de sonido omnidireccional y tecnolog\u00eda de cancelaci\u00f3n de ruido. Incorpora chips inteligentes de reducci\u00f3n de ruido de calidad profesional. Este micr\u00f3fono inal\u00e1mbrico para dispositivos Android garantiza una identificaci\u00f3n eficaz del sonido original y una grabaci\u00f3n clara.<\/p>","protected":false},"featured_media":666,"template":"","meta":[],"product_brand":[],"product_cat":[90],"product_tag":[],"class_list":{"0":"post-690","1":"product","2":"type-product","3":"status-publish","4":"has-post-thumbnail","6":"product_cat-microfonos","8":"first","9":"instock","10":"sale","11":"shipping-taxable","12":"purchasable","13":"product-type-simple"},"_links":{"self":[{"href":"https:\/\/musicvision.cl\/es\/wp-json\/wp\/v2\/product\/690","targetHints":{"allow":["GET"]}}],"collection":[{"href":"https:\/\/musicvision.cl\/es\/wp-json\/wp\/v2\/product"}],"about":[{"href":"https:\/\/musicvision.cl\/es\/wp-json\/wp\/v2\/types\/product"}],"wp:featuredmedia":[{"embeddable":true,"href":"https:\/\/musicvision.cl\/es\/wp-json\/wp\/v2\/media\/666"}],"wp:attachment":[{"href":"https:\/\/musicvision.cl\/es\/wp-json\/wp\/v2\/media?parent=690"}],"wp:term":[{"taxonomy":"product_brand","embeddable":true,"href":"https:\/\/musicvision.cl\/es\/wp-json\/wp\/v2\/product_brand?post=690"},{"taxonomy":"product_cat","embeddable":true,"href":"https:\/\/musicvision.cl\/es\/wp-json\/wp\/v2\/product_cat?post=690"},{"taxonomy":"product_tag","embeddable":true,"href":"https:\/\/musicvision.cl\/es\/wp-json\/wp\/v2\/product_tag?post=690"}],"curies":[{"name":"wp","href":"https:\/\/api.w.org\/{rel}","templated":true}]}}