{"id":726,"date":"2025-11-27T21:20:44","date_gmt":"2025-11-27T21:20:44","guid":{"rendered":"https:\/\/musicvision.cl\/?post_type=product&#038;p=726"},"modified":"2026-01-07T15:44:40","modified_gmt":"2026-01-07T15:44:40","slug":"audifonos-reptilex-gamer-pro-ps4-pc-azul","status":"publish","type":"product","link":"https:\/\/musicvision.cl\/es\/producto\/audifonos-reptilex-gamer-pro-ps4-pc-azul\/","title":{"rendered":"Audifonos ReptileX Gamer Pro Ps4 Pc Azul"},"content":{"rendered":"<p>Aud\u00edfono Gamer con Micr\u00f3fono compatible con Pc\/ps4\/xone\/switch\/celular Reptilex ha dise\u00f1ado su l\u00ednea de Aud\u00edfonos Gamer Pro pensado en optimizar la experiencia del jugador, enfocado en el equilibrio entre audio de juego y comunicaciones. Su micr\u00f3fono unidireccional garantiza una claridad absoluta en las comunicaciones cuando coordinas la estrategia con tus compa\u00f1eros de equipo.<\/p>","protected":false},"excerpt":{"rendered":"<p>Aud\u00edfono Gamer con Micr\u00f3fono compatible con Pc\/ps4\/xone\/switch\/celular Reptilex ha dise\u00f1ado su l\u00ednea de Aud\u00edfonos Gamer Pro pensado en optimizar la experiencia del jugador, enfocado en el equilibrio entre audio de juego y comunicaciones. Su micr\u00f3fono unidireccional garantiza una claridad absoluta en las comunicaciones cuando coordinas la estrategia con tus compa\u00f1eros de equipo.<\/p>","protected":false},"featured_media":712,"template":"","meta":[],"product_brand":[],"product_cat":[68,71,69],"product_tag":[],"class_list":{"0":"post-726","1":"product","2":"type-product","3":"status-publish","4":"has-post-thumbnail","6":"product_cat-audio","7":"product_cat-computacion","8":"product_cat-electronica","10":"first","11":"instock","12":"shipping-taxable","13":"purchasable","14":"product-type-simple"},"_links":{"self":[{"href":"https:\/\/musicvision.cl\/es\/wp-json\/wp\/v2\/product\/726","targetHints":{"allow":["GET"]}}],"collection":[{"href":"https:\/\/musicvision.cl\/es\/wp-json\/wp\/v2\/product"}],"about":[{"href":"https:\/\/musicvision.cl\/es\/wp-json\/wp\/v2\/types\/product"}],"wp:featuredmedia":[{"embeddable":true,"href":"https:\/\/musicvision.cl\/es\/wp-json\/wp\/v2\/media\/712"}],"wp:attachment":[{"href":"https:\/\/musicvision.cl\/es\/wp-json\/wp\/v2\/media?parent=726"}],"wp:term":[{"taxonomy":"product_brand","embeddable":true,"href":"https:\/\/musicvision.cl\/es\/wp-json\/wp\/v2\/product_brand?post=726"},{"taxonomy":"product_cat","embeddable":true,"href":"https:\/\/musicvision.cl\/es\/wp-json\/wp\/v2\/product_cat?post=726"},{"taxonomy":"product_tag","embeddable":true,"href":"https:\/\/musicvision.cl\/es\/wp-json\/wp\/v2\/product_tag?post=726"}],"curies":[{"name":"wp","href":"https:\/\/api.w.org\/{rel}","templated":true}]}}