{"id":727,"date":"2025-11-27T21:22:29","date_gmt":"2025-11-27T21:22:29","guid":{"rendered":"https:\/\/musicvision.cl\/?post_type=product&#038;p=727"},"modified":"2026-01-09T16:39:34","modified_gmt":"2026-01-09T16:39:34","slug":"parlante-bluetooth-portatil-azul-dblue-dbs116","status":"publish","type":"product","link":"https:\/\/musicvision.cl\/es\/producto\/parlante-bluetooth-portatil-azul-dblue-dbs116\/","title":{"rendered":"Parlante Bluetooth Port\u00e1til Azul DBLUE DBS116"},"content":{"rendered":"<p>Es un parlante Bluetooth port\u00e1til, que ofrece un sonido est\u00e9reo incre\u00edblemente potente. Funciona con una bater\u00eda recargable de iones de litio, para que disfrutes de horas de reproducci\u00f3n continua de gran calidad. Lo convierten en un compa\u00f1ero multiuso que lleva la fiesta a cualquier lugar. \u2013 Parlante port\u00e1til bluetooth.- Entrada USB<\/p>","protected":false},"excerpt":{"rendered":"<p>Es un parlante Bluetooth port\u00e1til, que ofrece un sonido est\u00e9reo incre\u00edblemente potente. Funciona con una bater\u00eda recargable de iones de litio, para que disfrutes de horas de reproducci\u00f3n continua de gran calidad. Lo convierten en un compa\u00f1ero multiuso que lleva la fiesta a cualquier lugar. \u2013 Parlante port\u00e1til bluetooth.- Entrada USB<\/p>","protected":false},"featured_media":714,"template":"","meta":[],"product_brand":[],"product_cat":[68,71,69],"product_tag":[],"class_list":{"0":"post-727","1":"product","2":"type-product","3":"status-publish","4":"has-post-thumbnail","6":"product_cat-audio","7":"product_cat-computacion","8":"product_cat-electronica","10":"first","11":"instock","12":"shipping-taxable","13":"purchasable","14":"product-type-simple"},"_links":{"self":[{"href":"https:\/\/musicvision.cl\/es\/wp-json\/wp\/v2\/product\/727","targetHints":{"allow":["GET"]}}],"collection":[{"href":"https:\/\/musicvision.cl\/es\/wp-json\/wp\/v2\/product"}],"about":[{"href":"https:\/\/musicvision.cl\/es\/wp-json\/wp\/v2\/types\/product"}],"wp:featuredmedia":[{"embeddable":true,"href":"https:\/\/musicvision.cl\/es\/wp-json\/wp\/v2\/media\/714"}],"wp:attachment":[{"href":"https:\/\/musicvision.cl\/es\/wp-json\/wp\/v2\/media?parent=727"}],"wp:term":[{"taxonomy":"product_brand","embeddable":true,"href":"https:\/\/musicvision.cl\/es\/wp-json\/wp\/v2\/product_brand?post=727"},{"taxonomy":"product_cat","embeddable":true,"href":"https:\/\/musicvision.cl\/es\/wp-json\/wp\/v2\/product_cat?post=727"},{"taxonomy":"product_tag","embeddable":true,"href":"https:\/\/musicvision.cl\/es\/wp-json\/wp\/v2\/product_tag?post=727"}],"curies":[{"name":"wp","href":"https:\/\/api.w.org\/{rel}","templated":true}]}}