{"id":729,"date":"2025-11-27T21:25:47","date_gmt":"2025-11-27T21:25:47","guid":{"rendered":"https:\/\/musicvision.cl\/?post_type=product&#038;p=729"},"modified":"2026-01-03T20:56:00","modified_gmt":"2026-01-03T20:56:00","slug":"inicio-baquetas-de-banda-rmx-antideslizante-rd-102-1","status":"publish","type":"product","link":"https:\/\/musicvision.cl\/es\/producto\/inicio-baquetas-de-banda-rmx-antideslizante-rd-102-1\/","title":{"rendered":"Inicio Baquetas De Banda RMX Antideslizante RD-102 1"},"content":{"rendered":"<p>Con su dise\u00f1o ergon\u00f3mico y balanceado, estas baquetas te permitir\u00e1n tocar con mayor comodidad y precisi\u00f3n. Sus puntas de alta calidad garantizan un sonido claro y potente en cada golpe.<\/p>","protected":false},"excerpt":{"rendered":"<p>Con su dise\u00f1o ergon\u00f3mico y balanceado, estas baquetas te permitir\u00e1n tocar con mayor comodidad y precisi\u00f3n. Sus puntas de alta calidad garantizan un sonido claro y potente en cada golpe.<\/p>","protected":false},"featured_media":717,"template":"","meta":[],"product_brand":[],"product_cat":[75,70],"product_tag":[],"class_list":{"0":"post-729","1":"product","2":"type-product","3":"status-publish","4":"has-post-thumbnail","6":"product_cat-instrumentos","7":"product_cat-musica","9":"first","10":"instock","11":"shipping-taxable","12":"purchasable","13":"product-type-simple"},"_links":{"self":[{"href":"https:\/\/musicvision.cl\/es\/wp-json\/wp\/v2\/product\/729","targetHints":{"allow":["GET"]}}],"collection":[{"href":"https:\/\/musicvision.cl\/es\/wp-json\/wp\/v2\/product"}],"about":[{"href":"https:\/\/musicvision.cl\/es\/wp-json\/wp\/v2\/types\/product"}],"wp:featuredmedia":[{"embeddable":true,"href":"https:\/\/musicvision.cl\/es\/wp-json\/wp\/v2\/media\/717"}],"wp:attachment":[{"href":"https:\/\/musicvision.cl\/es\/wp-json\/wp\/v2\/media?parent=729"}],"wp:term":[{"taxonomy":"product_brand","embeddable":true,"href":"https:\/\/musicvision.cl\/es\/wp-json\/wp\/v2\/product_brand?post=729"},{"taxonomy":"product_cat","embeddable":true,"href":"https:\/\/musicvision.cl\/es\/wp-json\/wp\/v2\/product_cat?post=729"},{"taxonomy":"product_tag","embeddable":true,"href":"https:\/\/musicvision.cl\/es\/wp-json\/wp\/v2\/product_tag?post=729"}],"curies":[{"name":"wp","href":"https:\/\/api.w.org\/{rel}","templated":true}]}}